{"id":800,"date":"2022-05-19T15:36:19","date_gmt":"2022-05-19T20:36:19","guid":{"rendered":"https:\/\/www.dn3comunicacion.com\/maximo\/?page_id=800"},"modified":"2023-08-23T17:18:04","modified_gmt":"2023-08-23T23:18:04","slug":"notice-of-privacy","status":"publish","type":"page","link":"https:\/\/www.maximobistrot.com.mx\/en\/notice-of-privacy\/","title":{"rendered":"Notice of Privacy"},"content":{"rendered":"\t\t<div data-elementor-type=\"wp-page\" data-elementor-id=\"800\" class=\"elementor elementor-800\">\n\t\t\t\t\t\t<section class=\"elementor-section elementor-top-section elementor-element elementor-element-b0547cc elementor-section-boxed elementor-section-height-default elementor-section-height-default\" data-id=\"b0547cc\" data-element_type=\"section\" data-e-type=\"section\">\n\t\t\t\t\t\t<div class=\"elementor-container elementor-column-gap-default\">\n\t\t\t\t\t<div class=\"elementor-column elementor-col-100 elementor-top-column elementor-element elementor-element-68de59b\" data-id=\"68de59b\" data-element_type=\"column\" data-e-type=\"column\">\n\t\t\t<div class=\"elementor-widget-wrap elementor-element-populated\">\n\t\t\t\t\t\t<div class=\"elementor-element elementor-element-a35a0fd elementor-widget elementor-widget-text-editor\" data-id=\"a35a0fd\" data-element_type=\"widget\" data-e-type=\"widget\" data-widget_type=\"text-editor.default\">\n\t\t\t\t<div class=\"elementor-widget-container\">\n\t\t\t\t\t\t\t\t\t<p><b>AVISO<\/b><strong> PRIVACIDAD INTEGRAL<\/strong><br \/><strong>Resta<\/strong>u<strong>rante M\u00e1ximo Bistrot\u00ae <\/strong><\/p><p><strong>IDENTIDAD Y DOMICILIO DEL RESPONSABLE:<\/strong><br \/><em>Gastron\u00f3mica M\u00e1ximos S.A de C.V<\/em>., quien administra al restaurante conocido <strong>Restaurante M\u00e1ximo Bistrot\u00ae<\/strong>, cuyo domicilio se encuentra en <em>Avenida \u00c1lvaro Obreg\u00f3n 65, Colonia Roma Norte, Alcald\u00eda Cuauht\u00e9moc, C\u00f3digo Postal 06700, Ciudad de M\u00e9xico<\/em>, es <strong>\u201cEL RESPONSABLE\u201d<\/strong> del tratamiento de los Datos Personales de su cliente(s) ahora en adelante <strong>\u201cEL TITULAR\u201d<\/strong>.<\/p><p><strong>DATOS PERSONALES QUE SE SOLICITAN DEL TITULAR.<\/strong><br \/>Para las finalidades descritas dentro del presente Aviso de Privacidad, <strong>Restaurante M\u00e1ximo Bistrot \u00ae<\/strong> podr\u00e1 solicitar y recabar los siguientes datos: \u25cf Datos Personales. \u25cf Nombre o Raz\u00f3n Social. \u25cf Fecha de Nacimiento. \u25cf Correo electr\u00f3nico. \u25cf N\u00famero Telef\u00f3nico\/Celular. \u25cf Datos Bancarios referentes a sus tarjetas para la realizaci\u00f3n de cargos o garant\u00edas por el servicio solicitado. \u25cf Registro Federal de Contribuyentes. \u25cf Datos Fiscales. \u25cf CURP. \u25cf Acta Constitutiva, poder o documentaci\u00f3n necesaria para acreditar su personalidad. \u25cf Datos Personales del Representante Legal. <strong>Restaurante M\u00e1ximo Bistrot\u00ae<\/strong> no recabar\u00e1, ni tratar\u00e1 datos sensibles.<\/p><p><strong>\u201cEL RESPONSABLE\u201d<\/strong> podr\u00e1 transferir sus Datos Personales a terceros sin obtener el consentimiento de <strong>\u201cEL TITULAR\u201d<\/strong> \u00fanicamente cuando apliquen los casos establecidos en el art\u00edculo 37 de la Ley Federal de Proteccio\u0301n de Datos Personales en Posesio\u0301n de los Particulares (Ley) y en el caso de almacenamiento digital (servidor).<\/p><p>Los datos proporcionados por <strong>\u201cEL TITULAR\u201d<\/strong> se podr\u00e1n recabar cuando visite las instalaciones del restaurante y\/o mediante cualquier medio o cuestionario realizado por este, mediante tarjetas de promoci\u00f3n, mediante llenado de documentos o a trav\u00e9s de accesos a los sitios Web o correos electr\u00f3nicos controlados por <strong>\u201cEL RESPONSABLE\u201d<\/strong>.<\/p><p><b>USO O DIVULGACION DE DATOS PERSONALES.<br \/><\/b><span style=\"font-size: inherit; text-align: inherit; letter-spacing: -0.015em;\">\u201c<b>EL RESPONSABLE<\/b>\u201d tratara\u0301 los Datos Personales siempre sujeto al consentimiento de <b>\u201cEL TITULAR\u201d<\/b>. Se entiende que <b>\u201cEL TITULAR\u201d<\/b> consiente t\u00e1citamente el tratamiento de sus datos una vez que se puso a su disposici\u00f3n el presente <b>AVISO DE PRIVACIDAD<\/b> y no manifest\u00f3\u0301 oposici\u00f3n expresa y por escrito.<\/span><\/p><p>\u00a0<\/p><p>\u201c<b>EL RESPONSABLE\u201d<\/b> da a conocer a <b>\u201cEL TITULAR\u201d<\/b>, que la informaci\u00f3n proporcionada se incorporara\u0301 a un sistema de c\u00f3mputo localizado en un servidor ajeno a Restaurante M\u00e1ximo Bistrot \u00ae y que es manejado por un tercero, raz\u00f3n por la cual existe una transferencia de datos con el \u00fanico fin de almacenar digitalmente la informaci\u00f3n recabada.<\/p><p>\u201c<b>EL RESPONSABLE\u201d<\/b> declara haber enterado a <b>\u201cEl Tercero\u201d<\/b> sobre el Aviso de Privacidad que rige la informaci\u00f3n de <b>\u201cEL TITULAR\u201d<\/b>, as\u00ed\u0301 como las finalidades a que se encuentra sujeto su tratamiento.<\/p><p><b>Restaurante M\u00e1ximo Bistrot\u00ae<\/b> no recabar\u00e1, ni tratar\u00e1 datos sensibles, solo en los casos que sea estrictamente necesario se recabaran Datos Personales Sensibles, para lo cual solicitaremos <b>\u201cEL TITULAR\u201d<\/b> su firma aut\u00f3grafa, firma electr\u00f3nica o cualquier otro mecanismo de autenticaci\u00f3n que al efecto se establezca.<\/p><p>Los terceros receptores de sus Datos Personales, est\u00e1n obligados por virtud del contrato correspondiente y\/o de las pol\u00edticas corporativas, a mantener la confidencialidad de los Datos Personales suministrados por <b>Restaurante M\u00e1ximo Bistrot \u00ae<\/b> y a observar el presente Aviso de Privacidad.<\/p><p><strong>FINES PARA LOS QUE SE UTILIZARAN SUS DATOS PERSONALES.<\/strong><br \/><span style=\"font-size: inherit; text-align: inherit; letter-spacing: -0.015em;\">Los datos que se recaben de usted, los utilizaremos para las siguientes finalidades que son necesarias para el servicio que solicita.<\/span><\/p><ul><li>Para darle de alta en nuestra cartera de clientes y acreditar su identidad.<\/li><li>Para los servicios de restaurante en las reservaciones, as\u00ed como para comunicarle promociones, cambios o cancelaciones de reservas.<\/li><li>Para realizar la entrega de sus productos a domicilio, ya sea por nuestros medios o a trav\u00e9s de terceros (aplicaciones de entrega a domicilio).<\/li><li>Para tener contacto e informarle cualquier comunicado, atender dudas respecto del funcionamiento del establecimiento, nuestros productos y\/o servicios.<\/li><li>Para establecerle o hacerle llegar informaci\u00f3n respecto a los servicios de banquetes u otros eventos similares.<\/li><li>Para encuestas para valoraci\u00f3n de nuestros servicios.<\/li><li>Para atender solicitudes, reclamaciones o dudas sobre compras de nuestros productos y\/o servicios, as\u00ed como para realizar la facturaci\u00f3n correspondiente y\/o aclaraciones bancarias.<\/li><li>Para formalizar el proceso de transacci\u00f3n de contratos.<\/li><li>Para atender sus opiniones, quejas y\/o sugerencias.<\/li><li>Para atender sus solicitudes de Ejercicio de Derechos ARCO y Revocaci\u00f3n de Consentimiento.<\/li><\/ul><div><div><b>DERECHOS ARCO<\/b><\/div><div>En los t\u00e9rminos de la normativa aplicable, usted tiene derecho a conocer que Datos Personales tenemos de usted, as\u00ed como tener el conocimiento para que los utilizamos y las condiciones del uso que les damos <b>(Acceso)<\/b>.<\/div><div>\u00a0<\/div><div>As\u00ed mismo es su derecho solicitar la correcci\u00f3n de su informaci\u00f3n personal en caso de que est\u00e9 desactualizada, sea inexacta o incompleta <b>(Rectificaci\u00f3n)<\/b>.<\/div><div>\u00a0<\/div><div>Es su derecho solicitar que eliminemos de nuestros registros cuando considere que sus datos no est\u00e1n siendo utilizados de manera adecuada <b>(Cancelaci\u00f3n)<\/b>.<\/div><div>\u00a0<\/div><div>Tambi\u00e9n tiene derecho a oponerse al uso de sus Datos Personales para fines espec\u00edficos <b>(Oposici\u00f3n)<\/b>.<\/div><div>\u00a0<\/div><div>Estos Derechos se conocen como Derechos ARCO.<\/div><div>\u00a0<\/div><div><div>Para el ejercicio de cualquiera de los derechos ARCO, debe enviar una petici\u00f3n<\/div><div>v\u00eda correo electr\u00f3nico a: <b><i>derechosARCO@grupomaximus.com.mx<\/i><\/b> y deber\u00e1\u00a0<span style=\"letter-spacing: -0.015em;\">contener:<\/span><\/div><div>-Nombre completo del titular.<\/div><div>-Domicilio.<\/div><div>-Tel\u00e9fono.<\/div><div>-Correo electr\u00f3nico usado en este sitio web.<\/div><div>-Copia de una identificaci\u00f3n oficial adjunta.<\/div><div>-Asunto \u201cDerechos ARCO\u201d.<\/div><div>\u00a0<\/div><div>Para ejercer sus derechos ARCO mediante la v\u00eda electr\u00f3nica anteriormente citada deber\u00e1 colocar dentro del asunto del correo \u201cDERECHOS ARCO M\u00c1XIMO\u201d junto con los dem\u00e1s datos solicitados.<\/div><div>\u00a0<\/div><div><div>\u201c<b>EL RESPONSABLE\u201d<\/b> atender\u00e1 su solicitud en un plazo de 20 d\u00edas h\u00e1biles a la recepci\u00f3n de esta, lo registrar\u00e1 en el sistema correspondiente e informar\u00e1 mediante la v\u00eda la cual hizo su petici\u00f3n dando respuesta a la procedencia de su solicitud.<\/div><div>\u00a0<\/div><div><b>INSTITUTO NACIONAL DE TRANSPARENCIA, ACCESO A LA INFORMACI\u00d3N<\/b><\/div><div><b>Y PROTECCI\u00d3N DE DATOS PERSONALES (INAI)<\/b><\/div><div>En caso de que el <b>\u201cEL TITULAR\u201d<\/b> considere que su derecho de protecci\u00f3n de Datos Personales ha sido lesionado por el tratamiento indebido de los mismos por parte de <b>\u201cEL RESPONSABLE\u201d <\/b>y\/o sus encargados, se le informa que podr\u00e1 interponer una queja ante el INAI.<\/div><div>\u00a0<\/div><div><b>USO DE TECNOLOG\u00cdAS DE RASTREO.<\/b><\/div><div>\u00a0<\/div><div>Le informamos que en nuestra p\u00e1gina de Internet utilizamos cookies, web beacons y otras tecnolog\u00edas a trav\u00e9s de las cuales es posible monitorear su comportamiento como usuario de Internet, para brindarle un mejor servicio y experiencia al navegar en nuestra p\u00e1gina, as\u00ed como para ofrecerle nuevos productos y servicios basados en sus preferencias.<\/div><div>\u00a0<\/div><div><div>Los Datos Personales que obtenemos de estas tecnolog\u00edas de rastreo son los siguientes: (I) Navegador utilizado, (II) nombre del servidor, (III) direcci\u00f3n IP, (IV) fecha, horario y tiempo de navegaci\u00f3n en internet y en nuestro sitio web o aplicaci\u00f3n m\u00f3vil, (V) secciones consultadas, y (VI) p\u00e1ginas de Internet accedidas previo a nuestro sitio web.<\/div><div>\u00a0<\/div><div>Estas tecnolog\u00edas podr\u00e1n deshabilitarse siguiendo los siguientes pasos:<\/div><div>1. Acceder a nuestra p\u00e1gina de Internet.<\/div><div>2. Dar clic en la subsecci\u00f3n \u201cCookies\u201d de su navegador.<\/div><div>3. Dar clic en la leyenda de activar el mecanismo de deshabilitaci\u00f3n de cookies.<\/div><div>\u00a0<\/div><div><div><b>LIMITACI\u00d3N PARA EL USO O DIVULGACI\u00d3N DE SUS DATOS PERSONALES.<\/b><\/div><div>En caso de que <b>\u201cEL TITULAR\u201d<\/b> desee manifestar su deseo de limitar el uso o divulgaci\u00f3n de sus Datos Personales otorgados a <b>\u201cEL RESPONSABLE\u201d<\/b>, deber\u00e1 enviar un correo electr\u00f3nico a:\u00a0<b><u><i>derechosarco@grupomaximus.com.mx<\/i><\/u><\/b> o podr\u00e1 darse de baja autom\u00e1ticamente desde los correos recibidos, simplemente haciendo clic en el bot\u00f3n \u201cRemover suscripci\u00f3n\u201d o \u201cUnsuscribe\u201d, con esta acci\u00f3n \u201c<b>EL RESPONSABLE\u201d<\/b> dejar\u00e1 enviar publicidad y\/o mercadotecnia.<\/div><div>\u00a0<\/div><div><div><b>CAMBIOS AL AVISO DE PRIVACIDAD<\/b><\/div><div>En caso de que <b>\u201cEL TITULAR\u201d<\/b> no manifieste expresamente su oposici\u00f3n a los\u00a0<span style=\"letter-spacing: -0.015em;\">cambios que sufra el presente Aviso de Privacidad, implicar\u00e1 que <b>\u201cEL TITULAR&#8221;\u00a0<\/b>\u00a0<\/span><span style=\"letter-spacing: -0.015em;\">ha le\u00eddo, entendido y acordado los t\u00e9rminos expuestos en el mismo, lo que implica\u00a0<\/span><span style=\"letter-spacing: -0.015em;\">su consentimiento a los cambios establecidos en dichas actualizaciones respecto\u00a0<\/span><span style=\"letter-spacing: -0.015em;\">al tratamiento de sus Datos Personales para efectos de la Ley y dem\u00e1s legislaci\u00f3n<\/span><\/div><div>aplicable.<\/div><div>\u00a0<\/div><div><div><b>TERMINOS Y CONDICIONES.<\/b><\/div><div>Al proporcionar sus Datos Personales <b>\u201cEL TITULAR\u201d<\/b> reconoce y acepta los\u00a0<span style=\"letter-spacing: -0.015em;\">t\u00e9rminos y condiciones del presente aviso, pudiendo ser modificado acorde a\u00a0<\/span><span style=\"letter-spacing: -0.015em;\">nuestras necesidades y servicios que ofrecemos, por lo que \u201c<b>EL TITULAR\u201d<\/b> otorga\u00a0<\/span><span style=\"letter-spacing: -0.015em;\">a <b>Restaurante M\u00e1ximo Bistrot\u00ae<\/b> autorizaci\u00f3n para que lleve a cabo la\u00a0<\/span><span style=\"letter-spacing: -0.015em;\">recopilaci\u00f3n de sus Datos Personales de la manera en que fue descrita dentro del\u00a0<\/span><span style=\"letter-spacing: -0.015em;\">presente aviso.<\/span><\/div><div><span style=\"letter-spacing: -0.015em;\">\u00a0<\/span><\/div><div><div>En caso de no estar conforme a las condiciones descritas podr\u00e1 ejercer los\u00a0<span style=\"letter-spacing: -0.015em;\">derechos que le confiere la Ley.<\/span><\/div><div><span style=\"letter-spacing: -0.015em;\">\u00a0<\/span><\/div><div>Ultima Fecha de actualizaci\u00f3n: Agosto\/2023.<\/div><\/div><\/div><\/div><\/div><\/div><\/div><\/div><\/div>\t\t\t\t\t\t\t\t<\/div>\n\t\t\t\t<\/div>\n\t\t\t\t\t<\/div>\n\t\t<\/div>\n\t\t\t\t\t<\/div>\n\t\t<\/section>\n\t\t\t\t<\/div>\n\t\t","protected":false},"excerpt":{"rendered":"<p>AVISO PRIVACIDAD INTEGRALRestaurante M\u00e1ximo Bistrot\u00ae IDENTIDAD Y DOMICILIO DEL RESPONSABLE:Gastron\u00f3mica M\u00e1ximos S.A de C.V., quien administra al restaurante conocido Restaurante M\u00e1ximo Bistrot\u00ae, cuyo domicilio se encuentra en Avenida \u00c1lvaro Obreg\u00f3n 65, Colonia Roma Norte, Alcald\u00eda Cuauht\u00e9moc, C\u00f3digo Postal 06700, Ciudad de M\u00e9xico, es \u201cEL RESPONSABLE\u201d del tratamiento de los Datos Personales de su cliente(s) ahora [&hellip;]<\/p>\n","protected":false},"author":1,"featured_media":0,"parent":0,"menu_order":0,"comment_status":"closed","ping_status":"closed","template":"elementor_header_footer","meta":{"footnotes":""},"class_list":["post-800","page","type-page","status-publish","hentry"],"yoast_head":"<!-- This site is optimized with the Yoast SEO plugin v27.5 - https:\/\/yoast.com\/product\/yoast-seo-wordpress\/ -->\n<title>Notice of Privacy &#8212; M\u00e1ximo<\/title>\n<meta name=\"robots\" content=\"index, follow, max-snippet:-1, max-image-preview:large, max-video-preview:-1\" \/>\n<link rel=\"canonical\" href=\"https:\/\/www.maximobistrot.com.mx\/en\/notice-of-privacy\/\" \/>\n<meta property=\"og:locale\" content=\"es_MX\" \/>\n<meta property=\"og:type\" content=\"article\" \/>\n<meta property=\"og:title\" content=\"Notice of Privacy &#8212; M\u00e1ximo\" \/>\n<meta property=\"og:description\" content=\"AVISO PRIVACIDAD INTEGRALRestaurante M\u00e1ximo Bistrot\u00ae IDENTIDAD Y DOMICILIO DEL RESPONSABLE:Gastron\u00f3mica M\u00e1ximos S.A de C.V., quien administra al restaurante conocido Restaurante M\u00e1ximo Bistrot\u00ae, cuyo domicilio se encuentra en Avenida \u00c1lvaro Obreg\u00f3n 65, Colonia Roma Norte, Alcald\u00eda Cuauht\u00e9moc, C\u00f3digo Postal 06700, Ciudad de M\u00e9xico, es \u201cEL RESPONSABLE\u201d del tratamiento de los Datos Personales de su cliente(s) ahora [&hellip;]\" \/>\n<meta property=\"og:url\" content=\"https:\/\/www.maximobistrot.com.mx\/en\/notice-of-privacy\/\" \/>\n<meta property=\"og:site_name\" content=\"M\u00e1ximo\" \/>\n<meta property=\"article:modified_time\" content=\"2023-08-23T23:18:04+00:00\" \/>\n<meta name=\"twitter:card\" content=\"summary_large_image\" \/>\n<meta name=\"twitter:label1\" content=\"Tiempo de lectura\" \/>\n\t<meta name=\"twitter:data1\" content=\"7 minutos\" \/>\n<script type=\"application\/ld+json\" class=\"yoast-schema-graph\">{\"@context\":\"https:\\\/\\\/schema.org\",\"@graph\":[{\"@type\":\"WebPage\",\"@id\":\"https:\\\/\\\/www.maximobistrot.com.mx\\\/en\\\/notice-of-privacy\\\/\",\"url\":\"https:\\\/\\\/www.maximobistrot.com.mx\\\/en\\\/notice-of-privacy\\\/\",\"name\":\"Notice of Privacy &#8212; M\u00e1ximo\",\"isPartOf\":{\"@id\":\"https:\\\/\\\/www.maximobistrot.com.mx\\\/en\\\/#website\"},\"datePublished\":\"2022-05-19T20:36:19+00:00\",\"dateModified\":\"2023-08-23T23:18:04+00:00\",\"inLanguage\":\"es\",\"potentialAction\":[{\"@type\":\"ReadAction\",\"target\":[\"https:\\\/\\\/www.maximobistrot.com.mx\\\/en\\\/notice-of-privacy\\\/\"]}]},{\"@type\":\"WebSite\",\"@id\":\"https:\\\/\\\/www.maximobistrot.com.mx\\\/en\\\/#website\",\"url\":\"https:\\\/\\\/www.maximobistrot.com.mx\\\/en\\\/\",\"name\":\"M\u00e1ximo\",\"description\":\"\",\"publisher\":{\"@id\":\"https:\\\/\\\/www.maximobistrot.com.mx\\\/en\\\/#organization\"},\"potentialAction\":[{\"@type\":\"SearchAction\",\"target\":{\"@type\":\"EntryPoint\",\"urlTemplate\":\"https:\\\/\\\/www.maximobistrot.com.mx\\\/en\\\/?s={search_term_string}\"},\"query-input\":{\"@type\":\"PropertyValueSpecification\",\"valueRequired\":true,\"valueName\":\"search_term_string\"}}],\"inLanguage\":\"es\"},{\"@type\":\"Organization\",\"@id\":\"https:\\\/\\\/www.maximobistrot.com.mx\\\/en\\\/#organization\",\"name\":\"M\u00e1ximo\",\"url\":\"https:\\\/\\\/www.maximobistrot.com.mx\\\/en\\\/\",\"logo\":{\"@type\":\"ImageObject\",\"inLanguage\":\"es\",\"@id\":\"https:\\\/\\\/www.maximobistrot.com.mx\\\/en\\\/#\\\/schema\\\/logo\\\/image\\\/\",\"url\":\"https:\\\/\\\/www.maximobistrot.com.mx\\\/wp-content\\\/uploads\\\/2022\\\/05\\\/Maximo_logo_horizontal-01.png\",\"contentUrl\":\"https:\\\/\\\/www.maximobistrot.com.mx\\\/wp-content\\\/uploads\\\/2022\\\/05\\\/Maximo_logo_horizontal-01.png\",\"width\":1199,\"height\":331,\"caption\":\"M\u00e1ximo\"},\"image\":{\"@id\":\"https:\\\/\\\/www.maximobistrot.com.mx\\\/en\\\/#\\\/schema\\\/logo\\\/image\\\/\"}}]}<\/script>\n<!-- \/ Yoast SEO plugin. -->","yoast_head_json":{"title":"Notice of Privacy &#8212; M\u00e1ximo","robots":{"index":"index","follow":"follow","max-snippet":"max-snippet:-1","max-image-preview":"max-image-preview:large","max-video-preview":"max-video-preview:-1"},"canonical":"https:\/\/www.maximobistrot.com.mx\/en\/notice-of-privacy\/","og_locale":"es_MX","og_type":"article","og_title":"Notice of Privacy &#8212; M\u00e1ximo","og_description":"AVISO PRIVACIDAD INTEGRALRestaurante M\u00e1ximo Bistrot\u00ae IDENTIDAD Y DOMICILIO DEL RESPONSABLE:Gastron\u00f3mica M\u00e1ximos S.A de C.V., quien administra al restaurante conocido Restaurante M\u00e1ximo Bistrot\u00ae, cuyo domicilio se encuentra en Avenida \u00c1lvaro Obreg\u00f3n 65, Colonia Roma Norte, Alcald\u00eda Cuauht\u00e9moc, C\u00f3digo Postal 06700, Ciudad de M\u00e9xico, es \u201cEL RESPONSABLE\u201d del tratamiento de los Datos Personales de su cliente(s) ahora [&hellip;]","og_url":"https:\/\/www.maximobistrot.com.mx\/en\/notice-of-privacy\/","og_site_name":"M\u00e1ximo","article_modified_time":"2023-08-23T23:18:04+00:00","twitter_card":"summary_large_image","twitter_misc":{"Tiempo de lectura":"7 minutos"},"schema":{"@context":"https:\/\/schema.org","@graph":[{"@type":"WebPage","@id":"https:\/\/www.maximobistrot.com.mx\/en\/notice-of-privacy\/","url":"https:\/\/www.maximobistrot.com.mx\/en\/notice-of-privacy\/","name":"Notice of Privacy &#8212; M\u00e1ximo","isPartOf":{"@id":"https:\/\/www.maximobistrot.com.mx\/en\/#website"},"datePublished":"2022-05-19T20:36:19+00:00","dateModified":"2023-08-23T23:18:04+00:00","inLanguage":"es","potentialAction":[{"@type":"ReadAction","target":["https:\/\/www.maximobistrot.com.mx\/en\/notice-of-privacy\/"]}]},{"@type":"WebSite","@id":"https:\/\/www.maximobistrot.com.mx\/en\/#website","url":"https:\/\/www.maximobistrot.com.mx\/en\/","name":"M\u00e1ximo","description":"","publisher":{"@id":"https:\/\/www.maximobistrot.com.mx\/en\/#organization"},"potentialAction":[{"@type":"SearchAction","target":{"@type":"EntryPoint","urlTemplate":"https:\/\/www.maximobistrot.com.mx\/en\/?s={search_term_string}"},"query-input":{"@type":"PropertyValueSpecification","valueRequired":true,"valueName":"search_term_string"}}],"inLanguage":"es"},{"@type":"Organization","@id":"https:\/\/www.maximobistrot.com.mx\/en\/#organization","name":"M\u00e1ximo","url":"https:\/\/www.maximobistrot.com.mx\/en\/","logo":{"@type":"ImageObject","inLanguage":"es","@id":"https:\/\/www.maximobistrot.com.mx\/en\/#\/schema\/logo\/image\/","url":"https:\/\/www.maximobistrot.com.mx\/wp-content\/uploads\/2022\/05\/Maximo_logo_horizontal-01.png","contentUrl":"https:\/\/www.maximobistrot.com.mx\/wp-content\/uploads\/2022\/05\/Maximo_logo_horizontal-01.png","width":1199,"height":331,"caption":"M\u00e1ximo"},"image":{"@id":"https:\/\/www.maximobistrot.com.mx\/en\/#\/schema\/logo\/image\/"}}]}},"_links":{"self":[{"href":"https:\/\/www.maximobistrot.com.mx\/en\/wp-json\/wp\/v2\/pages\/800","targetHints":{"allow":["GET"]}}],"collection":[{"href":"https:\/\/www.maximobistrot.com.mx\/en\/wp-json\/wp\/v2\/pages"}],"about":[{"href":"https:\/\/www.maximobistrot.com.mx\/en\/wp-json\/wp\/v2\/types\/page"}],"author":[{"embeddable":true,"href":"https:\/\/www.maximobistrot.com.mx\/en\/wp-json\/wp\/v2\/users\/1"}],"replies":[{"embeddable":true,"href":"https:\/\/www.maximobistrot.com.mx\/en\/wp-json\/wp\/v2\/comments?post=800"}],"version-history":[{"count":17,"href":"https:\/\/www.maximobistrot.com.mx\/en\/wp-json\/wp\/v2\/pages\/800\/revisions"}],"predecessor-version":[{"id":3270,"href":"https:\/\/www.maximobistrot.com.mx\/en\/wp-json\/wp\/v2\/pages\/800\/revisions\/3270"}],"wp:attachment":[{"href":"https:\/\/www.maximobistrot.com.mx\/en\/wp-json\/wp\/v2\/media?parent=800"}],"curies":[{"name":"wp","href":"https:\/\/api.w.org\/{rel}","templated":true}]}}