{"id":384,"date":"2022-04-26T14:23:06","date_gmt":"2022-04-26T14:23:06","guid":{"rendered":"https:\/\/www.dn3comunicacion.com\/maximo\/?page_id=384"},"modified":"2022-06-24T17:09:24","modified_gmt":"2022-06-24T17:09:24","slug":"contact","status":"publish","type":"page","link":"https:\/\/www.maximobistrot.com.mx\/en\/contact\/","title":{"rendered":"Contact"},"content":{"rendered":"\t\t<div data-elementor-type=\"wp-page\" data-elementor-id=\"384\" class=\"elementor elementor-384\">\n\t\t\t\t\t\t<section class=\"elementor-section elementor-top-section elementor-element elementor-element-c0787b5 elementor-section-boxed elementor-section-height-default elementor-section-height-default\" data-id=\"c0787b5\" data-element_type=\"section\" data-e-type=\"section\">\n\t\t\t\t\t\t<div class=\"elementor-container elementor-column-gap-default\">\n\t\t\t\t\t<div class=\"elementor-column elementor-col-50 elementor-top-column elementor-element elementor-element-a23c7a3\" data-id=\"a23c7a3\" data-element_type=\"column\" data-e-type=\"column\">\n\t\t\t<div class=\"elementor-widget-wrap elementor-element-populated\">\n\t\t\t\t\t\t<div class=\"elementor-element elementor-element-72ba5c7 elementor-widget elementor-widget-text-editor\" data-id=\"72ba5c7\" data-element_type=\"widget\" data-e-type=\"widget\" data-widget_type=\"text-editor.default\">\n\t\t\t\t<div class=\"elementor-widget-container\">\n\t\t\t\t\t\t\t\t\t<p>LOCATION<\/p>\t\t\t\t\t\t\t\t<\/div>\n\t\t\t\t<\/div>\n\t\t\t\t<div class=\"elementor-element elementor-element-f1808ad elementor-widget elementor-widget-text-editor\" data-id=\"f1808ad\" data-element_type=\"widget\" data-e-type=\"widget\" data-widget_type=\"text-editor.default\">\n\t\t\t\t<div class=\"elementor-widget-container\">\n\t\t\t\t\t\t\t\t\t<p>Av. \u00c1lvaro Obreg\u00f3n 65 Bis, <br \/>Roma Nte., Cuauht\u00e9moc, 06700, <br \/>Mexico City, Mexico.<\/p>\t\t\t\t\t\t\t\t<\/div>\n\t\t\t\t<\/div>\n\t\t\t\t<div class=\"elementor-element elementor-element-27971f4 elementor-widget elementor-widget-button\" data-id=\"27971f4\" data-element_type=\"widget\" data-e-type=\"widget\" data-widget_type=\"button.default\">\n\t\t\t\t<div class=\"elementor-widget-container\">\n\t\t\t\t\t\t\t\t\t<div class=\"elementor-button-wrapper\">\n\t\t\t\t\t<a class=\"elementor-button elementor-button-link elementor-size-sm\" href=\"https:\/\/www.google.com\/maps\/place\/Maximo\/@19.4308171,-99.2588191,12.5z\/data=!4m9!1m2!2m1!1smaximo+restaurante!3m5!1s0x85d1ff3be3010d77:0x61a7328c1d52cc2b!8m2!3d19.4188405!4d-99.1580554!15sChJtYXhpbW8gcmVzdGF1cmFudGVaFCISbWF4aW1vIHJlc3RhdXJhbnRlkgEKcmVzdGF1cmFudA\" target=\"_blank\">\n\t\t\t\t\t\t<span class=\"elementor-button-content-wrapper\">\n\t\t\t\t\t\t\t\t\t<span class=\"elementor-button-text\">Directions<\/span>\n\t\t\t\t\t<\/span>\n\t\t\t\t\t<\/a>\n\t\t\t\t<\/div>\n\t\t\t\t\t\t\t\t<\/div>\n\t\t\t\t<\/div>\n\t\t\t\t\t<\/div>\n\t\t<\/div>\n\t\t\t\t<div class=\"elementor-column elementor-col-50 elementor-top-column elementor-element elementor-element-9532970\" data-id=\"9532970\" data-element_type=\"column\" data-e-type=\"column\">\n\t\t\t<div class=\"elementor-widget-wrap elementor-element-populated\">\n\t\t\t\t\t\t<div class=\"elementor-element elementor-element-9246c1b elementor-widget elementor-widget-text-editor\" data-id=\"9246c1b\" data-element_type=\"widget\" data-e-type=\"widget\" data-widget_type=\"text-editor.default\">\n\t\t\t\t<div class=\"elementor-widget-container\">\n\t\t\t\t\t\t\t\t\t<p>CONTACT<\/p>\t\t\t\t\t\t\t\t<\/div>\n\t\t\t\t<\/div>\n\t\t\t\t<div class=\"elementor-element elementor-element-b8b9ac1 elementor-widget elementor-widget-text-editor\" data-id=\"b8b9ac1\" data-element_type=\"widget\" data-e-type=\"widget\" data-widget_type=\"text-editor.default\">\n\t\t\t\t<div class=\"elementor-widget-container\">\n\t\t\t\t\t\t\t\t\t<span style=\"color: #000000;\">Tel: 55 5264 4291 y 55 5525 2687<\/span>\t\t\t\t\t\t\t\t<\/div>\n\t\t\t\t<\/div>\n\t\t\t\t<section class=\"elementor-section elementor-inner-section elementor-element elementor-element-105a1bc elementor-section-boxed elementor-section-height-default elementor-section-height-default\" data-id=\"105a1bc\" data-element_type=\"section\" data-e-type=\"section\">\n\t\t\t\t\t\t<div class=\"elementor-container elementor-column-gap-default\">\n\t\t\t\t\t<div class=\"elementor-column elementor-col-33 elementor-inner-column elementor-element elementor-element-9e37352\" data-id=\"9e37352\" data-element_type=\"column\" data-e-type=\"column\">\n\t\t\t<div class=\"elementor-widget-wrap elementor-element-populated\">\n\t\t\t\t\t\t<div class=\"elementor-element elementor-element-34758f7 elementor-widget elementor-widget-image\" data-id=\"34758f7\" data-element_type=\"widget\" data-e-type=\"widget\" data-widget_type=\"image.default\">\n\t\t\t\t<div class=\"elementor-widget-container\">\n\t\t\t\t\t\t\t\t\t\t\t\t\t\t\t\t<a href=\"https:\/\/www.facebook.com\/MaximoBistrot\/\" target=\"_blank\">\n\t\t\t\t\t\t\t<img decoding=\"async\" width=\"54\" height=\"100\" src=\"https:\/\/www.maximobistrot.com.mx\/en\/wp-content\/uploads\/2022\/04\/face.png\" class=\"attachment-large size-large wp-image-275\" alt=\"\" \/>\t\t\t\t\t\t\t\t<\/a>\n\t\t\t\t\t\t\t\t\t\t\t\t\t\t\t<\/div>\n\t\t\t\t<\/div>\n\t\t\t\t\t<\/div>\n\t\t<\/div>\n\t\t\t\t<div class=\"elementor-column elementor-col-33 elementor-inner-column elementor-element elementor-element-b7f2ae3\" data-id=\"b7f2ae3\" data-element_type=\"column\" data-e-type=\"column\">\n\t\t\t<div class=\"elementor-widget-wrap elementor-element-populated\">\n\t\t\t\t\t\t<div class=\"elementor-element elementor-element-f309fae elementor-widget elementor-widget-image\" data-id=\"f309fae\" data-element_type=\"widget\" data-e-type=\"widget\" data-widget_type=\"image.default\">\n\t\t\t\t<div class=\"elementor-widget-container\">\n\t\t\t\t\t\t\t\t\t\t\t\t\t\t\t\t<a href=\"https:\/\/www.instagram.com\/maximobistrot\/\" target=\"_blank\">\n\t\t\t\t\t\t\t<img decoding=\"async\" width=\"100\" height=\"100\" src=\"https:\/\/www.maximobistrot.com.mx\/en\/wp-content\/uploads\/2022\/04\/insta.png\" class=\"attachment-large size-large wp-image-276\" alt=\"\" \/>\t\t\t\t\t\t\t\t<\/a>\n\t\t\t\t\t\t\t\t\t\t\t\t\t\t\t<\/div>\n\t\t\t\t<\/div>\n\t\t\t\t\t<\/div>\n\t\t<\/div>\n\t\t\t\t<div class=\"elementor-column elementor-col-33 elementor-inner-column elementor-element elementor-element-4026340\" data-id=\"4026340\" data-element_type=\"column\" data-e-type=\"column\">\n\t\t\t<div class=\"elementor-widget-wrap elementor-element-populated\">\n\t\t\t\t\t\t<div class=\"elementor-element elementor-element-c1e8d2e elementor-widget elementor-widget-image\" data-id=\"c1e8d2e\" data-element_type=\"widget\" data-e-type=\"widget\" data-widget_type=\"image.default\">\n\t\t\t\t<div class=\"elementor-widget-container\">\n\t\t\t\t\t\t\t\t\t\t\t\t\t\t\t\t<a href=\"mailto:info@maximobistrot.com.mx\">\n\t\t\t\t\t\t\t<img decoding=\"async\" width=\"118\" height=\"96\" src=\"https:\/\/www.maximobistrot.com.mx\/en\/wp-content\/uploads\/2022\/04\/mail.png\" class=\"attachment-large size-large wp-image-277\" alt=\"\" \/>\t\t\t\t\t\t\t\t<\/a>\n\t\t\t\t\t\t\t\t\t\t\t\t\t\t\t<\/div>\n\t\t\t\t<\/div>\n\t\t\t\t\t<\/div>\n\t\t<\/div>\n\t\t\t\t\t<\/div>\n\t\t<\/section>\n\t\t\t\t\t<\/div>\n\t\t<\/div>\n\t\t\t\t\t<\/div>\n\t\t<\/section>\n\t\t\t\t<section class=\"elementor-section elementor-top-section elementor-element elementor-element-b4b6a40 elementor-section-full_width elementor-section-height-default elementor-section-height-default\" data-id=\"b4b6a40\" data-element_type=\"section\" data-e-type=\"section\">\n\t\t\t\t\t\t<div class=\"elementor-container elementor-column-gap-default\">\n\t\t\t\t\t<div class=\"elementor-column elementor-col-100 elementor-top-column elementor-element elementor-element-a92fc11\" data-id=\"a92fc11\" data-element_type=\"column\" data-e-type=\"column\">\n\t\t\t<div class=\"elementor-widget-wrap elementor-element-populated\">\n\t\t\t\t\t\t<div class=\"elementor-element elementor-element-61f5faf elementor-widget elementor-widget-image\" data-id=\"61f5faf\" data-element_type=\"widget\" data-e-type=\"widget\" data-widget_type=\"image.default\">\n\t\t\t\t<div class=\"elementor-widget-container\">\n\t\t\t\t\t\t\t\t\t\t\t\t\t\t\t<img loading=\"lazy\" decoding=\"async\" width=\"4000\" height=\"2250\" src=\"https:\/\/www.maximobistrot.com.mx\/en\/wp-content\/uploads\/2022\/05\/Mapa-Maximo_v2.png\" class=\"attachment-full size-full wp-image-843\" alt=\"\" srcset=\"https:\/\/www.maximobistrot.com.mx\/en\/wp-content\/uploads\/2022\/05\/Mapa-Maximo_v2.png 4000w, https:\/\/www.maximobistrot.com.mx\/en\/wp-content\/uploads\/2022\/05\/Mapa-Maximo_v2-300x169.png 300w, https:\/\/www.maximobistrot.com.mx\/en\/wp-content\/uploads\/2022\/05\/Mapa-Maximo_v2-1024x576.png 1024w, https:\/\/www.maximobistrot.com.mx\/en\/wp-content\/uploads\/2022\/05\/Mapa-Maximo_v2-768x432.png 768w, https:\/\/www.maximobistrot.com.mx\/en\/wp-content\/uploads\/2022\/05\/Mapa-Maximo_v2-1536x864.png 1536w, https:\/\/www.maximobistrot.com.mx\/en\/wp-content\/uploads\/2022\/05\/Mapa-Maximo_v2-2048x1152.png 2048w, https:\/\/www.maximobistrot.com.mx\/en\/wp-content\/uploads\/2022\/05\/Mapa-Maximo_v2-1200x675.png 1200w, https:\/\/www.maximobistrot.com.mx\/en\/wp-content\/uploads\/2022\/05\/Mapa-Maximo_v2-1980x1114.png 1980w\" sizes=\"(max-width: 4000px) 100vw, 4000px\" \/>\t\t\t\t\t\t\t\t\t\t\t\t\t\t\t<\/div>\n\t\t\t\t<\/div>\n\t\t\t\t\t<\/div>\n\t\t<\/div>\n\t\t\t\t\t<\/div>\n\t\t<\/section>\n\t\t\t\t<\/div>\n\t\t","protected":false},"excerpt":{"rendered":"<p>LOCATION Av. \u00c1lvaro Obreg\u00f3n 65 Bis, Roma Nte., Cuauht\u00e9moc, 06700, Mexico City, Mexico. Directions CONTACT Tel: 55 5264 4291 y 55 5525 2687<\/p>\n","protected":false},"author":1,"featured_media":843,"parent":0,"menu_order":0,"comment_status":"closed","ping_status":"closed","template":"elementor_header_footer","meta":{"footnotes":""},"class_list":["post-384","page","type-page","status-publish","has-post-thumbnail","hentry"],"yoast_head":"<!-- This site is optimized with the Yoast SEO plugin v27.4 - https:\/\/yoast.com\/product\/yoast-seo-wordpress\/ -->\n<title>Contact - Restaurante M\u00e1ximo<\/title>\n<meta name=\"description\" content=\"Av. \u00c1lvaro Obreg\u00f3n 65 Bis,Roma Nte., Cuauht\u00e9moc, 06700,Ciudad de M\u00e9xico, CDMX, M\u00e9xico.\" \/>\n<meta name=\"robots\" content=\"index, follow, max-snippet:-1, max-image-preview:large, max-video-preview:-1\" \/>\n<link rel=\"canonical\" href=\"https:\/\/www.maximobistrot.com.mx\/en\/contact\/\" \/>\n<meta property=\"og:locale\" content=\"es_MX\" \/>\n<meta property=\"og:type\" content=\"article\" \/>\n<meta property=\"og:title\" content=\"Contacto - Restaurante M\u00e1ximo\" \/>\n<meta property=\"og:description\" content=\"Av. \u00c1lvaro Obreg\u00f3n 65 Bis,Roma Nte., Cuauht\u00e9moc, 06700,Ciudad de M\u00e9xico, CDMX, M\u00e9xico.\" \/>\n<meta property=\"og:url\" content=\"https:\/\/www.maximobistrot.com.mx\/en\/contact\/\" \/>\n<meta property=\"og:site_name\" content=\"M\u00e1ximo\" \/>\n<meta property=\"article:modified_time\" content=\"2022-06-24T17:09:24+00:00\" \/>\n<meta property=\"og:image\" content=\"https:\/\/www.maximobistrot.com.mx\/en\/wp-content\/uploads\/2022\/05\/Mapa-Maximo_v2.png\" \/>\n\t<meta property=\"og:image:width\" content=\"4000\" \/>\n\t<meta property=\"og:image:height\" content=\"2250\" \/>\n\t<meta property=\"og:image:type\" content=\"image\/png\" \/>\n<meta name=\"twitter:card\" content=\"summary_large_image\" \/>\n<meta name=\"twitter:title\" content=\"Contacto - Restaurante M\u00e1ximo\" \/>\n<meta name=\"twitter:description\" content=\"Av. \u00c1lvaro Obreg\u00f3n 65 Bis,Roma Nte., Cuauht\u00e9moc, 06700,Ciudad de M\u00e9xico, CDMX, M\u00e9xico.\" \/>\n<meta name=\"twitter:image\" content=\"https:\/\/www.maximobistrot.com.mx\/en\/wp-content\/uploads\/2022\/05\/Mapa-Maximo_v2.png\" \/>\n<meta name=\"twitter:label1\" content=\"Tiempo de lectura\" \/>\n\t<meta name=\"twitter:data1\" content=\"1 minuto\" \/>\n<script type=\"application\/ld+json\" class=\"yoast-schema-graph\">{\"@context\":\"https:\\\/\\\/schema.org\",\"@graph\":[{\"@type\":\"WebPage\",\"@id\":\"https:\\\/\\\/www.maximobistrot.com.mx\\\/en\\\/contact\\\/\",\"url\":\"https:\\\/\\\/www.maximobistrot.com.mx\\\/en\\\/contact\\\/\",\"name\":\"Contact - Restaurante M\u00e1ximo\",\"isPartOf\":{\"@id\":\"https:\\\/\\\/www.maximobistrot.com.mx\\\/en\\\/#website\"},\"primaryImageOfPage\":{\"@id\":\"https:\\\/\\\/www.maximobistrot.com.mx\\\/en\\\/contact\\\/#primaryimage\"},\"image\":{\"@id\":\"https:\\\/\\\/www.maximobistrot.com.mx\\\/en\\\/contact\\\/#primaryimage\"},\"thumbnailUrl\":\"https:\\\/\\\/www.maximobistrot.com.mx\\\/en\\\/wp-content\\\/uploads\\\/2022\\\/05\\\/Mapa-Maximo_v2.png\",\"datePublished\":\"2022-04-26T14:23:06+00:00\",\"dateModified\":\"2022-06-24T17:09:24+00:00\",\"description\":\"Av. \u00c1lvaro Obreg\u00f3n 65 Bis,Roma Nte., Cuauht\u00e9moc, 06700,Ciudad de M\u00e9xico, CDMX, M\u00e9xico.\",\"inLanguage\":\"es\",\"potentialAction\":[{\"@type\":\"ReadAction\",\"target\":[\"https:\\\/\\\/www.maximobistrot.com.mx\\\/en\\\/contact\\\/\"]}]},{\"@type\":\"ImageObject\",\"inLanguage\":\"es\",\"@id\":\"https:\\\/\\\/www.maximobistrot.com.mx\\\/en\\\/contact\\\/#primaryimage\",\"url\":\"https:\\\/\\\/www.maximobistrot.com.mx\\\/en\\\/wp-content\\\/uploads\\\/2022\\\/05\\\/Mapa-Maximo_v2.png\",\"contentUrl\":\"https:\\\/\\\/www.maximobistrot.com.mx\\\/en\\\/wp-content\\\/uploads\\\/2022\\\/05\\\/Mapa-Maximo_v2.png\",\"width\":4000,\"height\":2250},{\"@type\":\"WebSite\",\"@id\":\"https:\\\/\\\/www.maximobistrot.com.mx\\\/en\\\/#website\",\"url\":\"https:\\\/\\\/www.maximobistrot.com.mx\\\/en\\\/\",\"name\":\"M\u00e1ximo\",\"description\":\"\",\"publisher\":{\"@id\":\"https:\\\/\\\/www.maximobistrot.com.mx\\\/en\\\/#organization\"},\"potentialAction\":[{\"@type\":\"SearchAction\",\"target\":{\"@type\":\"EntryPoint\",\"urlTemplate\":\"https:\\\/\\\/www.maximobistrot.com.mx\\\/en\\\/?s={search_term_string}\"},\"query-input\":{\"@type\":\"PropertyValueSpecification\",\"valueRequired\":true,\"valueName\":\"search_term_string\"}}],\"inLanguage\":\"es\"},{\"@type\":\"Organization\",\"@id\":\"https:\\\/\\\/www.maximobistrot.com.mx\\\/en\\\/#organization\",\"name\":\"M\u00e1ximo\",\"url\":\"https:\\\/\\\/www.maximobistrot.com.mx\\\/en\\\/\",\"logo\":{\"@type\":\"ImageObject\",\"inLanguage\":\"es\",\"@id\":\"https:\\\/\\\/www.maximobistrot.com.mx\\\/en\\\/#\\\/schema\\\/logo\\\/image\\\/\",\"url\":\"https:\\\/\\\/www.maximobistrot.com.mx\\\/wp-content\\\/uploads\\\/2022\\\/05\\\/Maximo_logo_horizontal-01.png\",\"contentUrl\":\"https:\\\/\\\/www.maximobistrot.com.mx\\\/wp-content\\\/uploads\\\/2022\\\/05\\\/Maximo_logo_horizontal-01.png\",\"width\":1199,\"height\":331,\"caption\":\"M\u00e1ximo\"},\"image\":{\"@id\":\"https:\\\/\\\/www.maximobistrot.com.mx\\\/en\\\/#\\\/schema\\\/logo\\\/image\\\/\"}}]}<\/script>\n<!-- \/ Yoast SEO plugin. -->","yoast_head_json":{"title":"Contact - Restaurante M\u00e1ximo","description":"Av. \u00c1lvaro Obreg\u00f3n 65 Bis,Roma Nte., Cuauht\u00e9moc, 06700,Ciudad de M\u00e9xico, CDMX, M\u00e9xico.","robots":{"index":"index","follow":"follow","max-snippet":"max-snippet:-1","max-image-preview":"max-image-preview:large","max-video-preview":"max-video-preview:-1"},"canonical":"https:\/\/www.maximobistrot.com.mx\/en\/contact\/","og_locale":"es_MX","og_type":"article","og_title":"Contacto - Restaurante M\u00e1ximo","og_description":"Av. \u00c1lvaro Obreg\u00f3n 65 Bis,Roma Nte., Cuauht\u00e9moc, 06700,Ciudad de M\u00e9xico, CDMX, M\u00e9xico.","og_url":"https:\/\/www.maximobistrot.com.mx\/en\/contact\/","og_site_name":"M\u00e1ximo","article_modified_time":"2022-06-24T17:09:24+00:00","og_image":[{"width":4000,"height":2250,"url":"https:\/\/www.maximobistrot.com.mx\/en\/wp-content\/uploads\/2022\/05\/Mapa-Maximo_v2.png","type":"image\/png"}],"twitter_card":"summary_large_image","twitter_title":"Contacto - Restaurante M\u00e1ximo","twitter_description":"Av. \u00c1lvaro Obreg\u00f3n 65 Bis,Roma Nte., Cuauht\u00e9moc, 06700,Ciudad de M\u00e9xico, CDMX, M\u00e9xico.","twitter_image":"https:\/\/www.maximobistrot.com.mx\/en\/wp-content\/uploads\/2022\/05\/Mapa-Maximo_v2.png","twitter_misc":{"Tiempo de lectura":"1 minuto"},"schema":{"@context":"https:\/\/schema.org","@graph":[{"@type":"WebPage","@id":"https:\/\/www.maximobistrot.com.mx\/en\/contact\/","url":"https:\/\/www.maximobistrot.com.mx\/en\/contact\/","name":"Contact - Restaurante M\u00e1ximo","isPartOf":{"@id":"https:\/\/www.maximobistrot.com.mx\/en\/#website"},"primaryImageOfPage":{"@id":"https:\/\/www.maximobistrot.com.mx\/en\/contact\/#primaryimage"},"image":{"@id":"https:\/\/www.maximobistrot.com.mx\/en\/contact\/#primaryimage"},"thumbnailUrl":"https:\/\/www.maximobistrot.com.mx\/en\/wp-content\/uploads\/2022\/05\/Mapa-Maximo_v2.png","datePublished":"2022-04-26T14:23:06+00:00","dateModified":"2022-06-24T17:09:24+00:00","description":"Av. \u00c1lvaro Obreg\u00f3n 65 Bis,Roma Nte., Cuauht\u00e9moc, 06700,Ciudad de M\u00e9xico, CDMX, M\u00e9xico.","inLanguage":"es","potentialAction":[{"@type":"ReadAction","target":["https:\/\/www.maximobistrot.com.mx\/en\/contact\/"]}]},{"@type":"ImageObject","inLanguage":"es","@id":"https:\/\/www.maximobistrot.com.mx\/en\/contact\/#primaryimage","url":"https:\/\/www.maximobistrot.com.mx\/en\/wp-content\/uploads\/2022\/05\/Mapa-Maximo_v2.png","contentUrl":"https:\/\/www.maximobistrot.com.mx\/en\/wp-content\/uploads\/2022\/05\/Mapa-Maximo_v2.png","width":4000,"height":2250},{"@type":"WebSite","@id":"https:\/\/www.maximobistrot.com.mx\/en\/#website","url":"https:\/\/www.maximobistrot.com.mx\/en\/","name":"M\u00e1ximo","description":"","publisher":{"@id":"https:\/\/www.maximobistrot.com.mx\/en\/#organization"},"potentialAction":[{"@type":"SearchAction","target":{"@type":"EntryPoint","urlTemplate":"https:\/\/www.maximobistrot.com.mx\/en\/?s={search_term_string}"},"query-input":{"@type":"PropertyValueSpecification","valueRequired":true,"valueName":"search_term_string"}}],"inLanguage":"es"},{"@type":"Organization","@id":"https:\/\/www.maximobistrot.com.mx\/en\/#organization","name":"M\u00e1ximo","url":"https:\/\/www.maximobistrot.com.mx\/en\/","logo":{"@type":"ImageObject","inLanguage":"es","@id":"https:\/\/www.maximobistrot.com.mx\/en\/#\/schema\/logo\/image\/","url":"https:\/\/www.maximobistrot.com.mx\/wp-content\/uploads\/2022\/05\/Maximo_logo_horizontal-01.png","contentUrl":"https:\/\/www.maximobistrot.com.mx\/wp-content\/uploads\/2022\/05\/Maximo_logo_horizontal-01.png","width":1199,"height":331,"caption":"M\u00e1ximo"},"image":{"@id":"https:\/\/www.maximobistrot.com.mx\/en\/#\/schema\/logo\/image\/"}}]}},"_links":{"self":[{"href":"https:\/\/www.maximobistrot.com.mx\/en\/wp-json\/wp\/v2\/pages\/384","targetHints":{"allow":["GET"]}}],"collection":[{"href":"https:\/\/www.maximobistrot.com.mx\/en\/wp-json\/wp\/v2\/pages"}],"about":[{"href":"https:\/\/www.maximobistrot.com.mx\/en\/wp-json\/wp\/v2\/types\/page"}],"author":[{"embeddable":true,"href":"https:\/\/www.maximobistrot.com.mx\/en\/wp-json\/wp\/v2\/users\/1"}],"replies":[{"embeddable":true,"href":"https:\/\/www.maximobistrot.com.mx\/en\/wp-json\/wp\/v2\/comments?post=384"}],"version-history":[{"count":63,"href":"https:\/\/www.maximobistrot.com.mx\/en\/wp-json\/wp\/v2\/pages\/384\/revisions"}],"predecessor-version":[{"id":1144,"href":"https:\/\/www.maximobistrot.com.mx\/en\/wp-json\/wp\/v2\/pages\/384\/revisions\/1144"}],"wp:featuredmedia":[{"embeddable":true,"href":"https:\/\/www.maximobistrot.com.mx\/en\/wp-json\/wp\/v2\/media\/843"}],"wp:attachment":[{"href":"https:\/\/www.maximobistrot.com.mx\/en\/wp-json\/wp\/v2\/media?parent=384"}],"curies":[{"name":"wp","href":"https:\/\/api.w.org\/{rel}","templated":true}]}}