{"id":281,"date":"2022-04-26T05:08:36","date_gmt":"2022-04-26T05:08:36","guid":{"rendered":"https:\/\/www.dn3comunicacion.com\/maximo\/?page_id=281"},"modified":"2023-07-25T11:32:34","modified_gmt":"2023-07-25T17:32:34","slug":"reservations","status":"publish","type":"page","link":"https:\/\/www.maximobistrot.com.mx\/en\/reservations\/","title":{"rendered":"Reservations"},"content":{"rendered":"\t\t<div data-elementor-type=\"wp-page\" data-elementor-id=\"281\" class=\"elementor elementor-281\">\n\t\t\t\t\t\t<section class=\"elementor-section elementor-top-section elementor-element elementor-element-f571109 elementor-section-boxed elementor-section-height-default elementor-section-height-default\" data-id=\"f571109\" data-element_type=\"section\" data-e-type=\"section\">\n\t\t\t\t\t\t<div class=\"elementor-container elementor-column-gap-default\">\n\t\t\t\t\t<div class=\"elementor-column elementor-col-50 elementor-top-column elementor-element elementor-element-efeb347\" data-id=\"efeb347\" data-element_type=\"column\" data-e-type=\"column\">\n\t\t\t<div class=\"elementor-widget-wrap elementor-element-populated\">\n\t\t\t\t\t\t<div class=\"elementor-element elementor-element-7e7c96b elementor-widget elementor-widget-html\" data-id=\"7e7c96b\" data-element_type=\"widget\" data-e-type=\"widget\" data-widget_type=\"html.default\">\n\t\t\t\t<div class=\"elementor-widget-container\">\n\t\t\t\t\t\n<div style=\"position:relative;margin-left:auto;margin-right:auto;text-align:center;width:300px;\">\n<script type='text\/javascript' src='\/\/www.opentable.com.mx\/widget\/reservation\/loader?rid=92785&type=standard&theme=tall&color=1&iframe=true&domain=commx&lang=en-US&newtab=false&ot_source=Restaurant%20website'><\/script>\n<\/div>\n\t\t\t\t<\/div>\n\t\t\t\t<\/div>\n\t\t\t\t\t<\/div>\n\t\t<\/div>\n\t\t\t\t<div class=\"elementor-column elementor-col-50 elementor-top-column elementor-element elementor-element-0201f63\" data-id=\"0201f63\" data-element_type=\"column\" data-e-type=\"column\">\n\t\t\t<div class=\"elementor-widget-wrap elementor-element-populated\">\n\t\t\t\t\t\t<div class=\"elementor-element elementor-element-1ee65d1 elementor-widget elementor-widget-text-editor\" data-id=\"1ee65d1\" data-element_type=\"widget\" data-e-type=\"widget\" data-widget_type=\"text-editor.default\">\n\t\t\t\t<div class=\"elementor-widget-container\">\n\t\t\t\t\t\t\t\t\t<div style=\"line-height: 18px !important;\"><p><span style=\"font-family: TTDrugs, Sans-serif; font-size: 18px; text-transform: uppercase;\">HOURS:<br \/><\/span>Monday to Saturday 1:00 pm to 11:00 pm<br \/>Sunday closed<\/p><\/div><p><style>\np{line-height:normal !important;}<br \/><\/style><\/p>\t\t\t\t\t\t\t\t<\/div>\n\t\t\t\t<\/div>\n\t\t\t\t<div class=\"elementor-element elementor-element-690096b elementor-widget elementor-widget-text-editor\" data-id=\"690096b\" data-element_type=\"widget\" data-e-type=\"widget\" data-widget_type=\"text-editor.default\">\n\t\t\t\t<div class=\"elementor-widget-container\">\n\t\t\t\t\t\t\t\t\t<div style=\"line-height: 18px !important;\"><p><span style=\"font-family: TTDrugs, Sans-serif; font-size: 18px; text-transform: uppercase;\">LOCATION:<br \/><\/span>Av. \u00c1lvaro Obreg\u00f3n 65 Bis, <br \/>Roma Nte., Cuauht\u00e9moc, 06700, <br \/>Mexico City, Mexico.<\/p><\/div><p><style>\np{line-height:normal !important;}<br \/><\/style><\/p>\t\t\t\t\t\t\t\t<\/div>\n\t\t\t\t<\/div>\n\t\t\t\t<div class=\"elementor-element elementor-element-fcbcff4 elementor-widget elementor-widget-button\" data-id=\"fcbcff4\" data-element_type=\"widget\" data-e-type=\"widget\" data-widget_type=\"button.default\">\n\t\t\t\t<div class=\"elementor-widget-container\">\n\t\t\t\t\t\t\t\t\t<div class=\"elementor-button-wrapper\">\n\t\t\t\t\t<a class=\"elementor-button elementor-button-link elementor-size-sm\" href=\"https:\/\/www.google.com\/maps\/place\/Maximo\/@19.4308171,-99.2588191,12.5z\/data=!4m9!1m2!2m1!1smaximo+restaurante!3m5!1s0x85d1ff3be3010d77:0x61a7328c1d52cc2b!8m2!3d19.4188405!4d-99.1580554!15sChJtYXhpbW8gcmVzdGF1cmFudGVaFCISbWF4aW1vIHJlc3RhdXJhbnRlkgEKcmVzdGF1cmFudA\" target=\"_blank\">\n\t\t\t\t\t\t<span class=\"elementor-button-content-wrapper\">\n\t\t\t\t\t\t\t\t\t<span class=\"elementor-button-text\">Directions<\/span>\n\t\t\t\t\t<\/span>\n\t\t\t\t\t<\/a>\n\t\t\t\t<\/div>\n\t\t\t\t\t\t\t\t<\/div>\n\t\t\t\t<\/div>\n\t\t\t\t<div class=\"elementor-element elementor-element-85cfb7a elementor-widget elementor-widget-text-editor\" data-id=\"85cfb7a\" data-element_type=\"widget\" data-e-type=\"widget\" data-widget_type=\"text-editor.default\">\n\t\t\t\t<div class=\"elementor-widget-container\">\n\t\t\t\t\t\t\t\t\t<div style=\"line-height: 18px !important;\"><p><span style=\"font-family: TTDrugs, Sans-serif; font-size: 18px; text-transform: uppercase;\">TELEPHONES:<br \/><\/span><span style=\"color: #000000;\">55 5264 4291\u00a0<\/span><br \/><span style=\"color: #000000;\">55 5525 2687<\/span><\/p><\/div><p><style>\np{line-height:normal !important;}<br \/><\/style><\/p>\t\t\t\t\t\t\t\t<\/div>\n\t\t\t\t<\/div>\n\t\t\t\t\t<\/div>\n\t\t<\/div>\n\t\t\t\t\t<\/div>\n\t\t<\/section>\n\t\t\t\t<\/div>\n\t\t","protected":false},"excerpt":{"rendered":"<p>HOURS:Monday to Saturday 1:00 pm to 11:00 pmSunday closed LOCATION:Av. \u00c1lvaro Obreg\u00f3n 65 Bis, Roma Nte., Cuauht\u00e9moc, 06700, Mexico City, Mexico. Directions TELEPHONES:55 5264 4291\u00a055 5525 2687<\/p>\n","protected":false},"author":1,"featured_media":847,"parent":0,"menu_order":0,"comment_status":"closed","ping_status":"closed","template":"elementor_header_footer","meta":{"footnotes":""},"class_list":["post-281","page","type-page","status-publish","has-post-thumbnail","hentry"],"yoast_head":"<!-- This site is optimized with the Yoast SEO plugin v27.5 - https:\/\/yoast.com\/product\/yoast-seo-wordpress\/ -->\n<title>Reservations - Restaurante M\u00e1ximo<\/title>\n<meta name=\"description\" content=\"Servicio en interior y en exterior de lunes a domingo. Reserva ahora.\" \/>\n<meta name=\"robots\" content=\"index, follow, max-snippet:-1, max-image-preview:large, max-video-preview:-1\" \/>\n<link rel=\"canonical\" href=\"https:\/\/www.maximobistrot.com.mx\/en\/reservations\/\" \/>\n<meta property=\"og:locale\" content=\"es_MX\" \/>\n<meta property=\"og:type\" content=\"article\" \/>\n<meta property=\"og:title\" content=\"Reservaciones - Restaurante M\u00e1ximo\" \/>\n<meta property=\"og:description\" content=\"Servicio en interior y en exterior de lunes a domingo. Reserva ahora.\" \/>\n<meta property=\"og:url\" content=\"https:\/\/www.maximobistrot.com.mx\/en\/reservations\/\" \/>\n<meta property=\"og:site_name\" content=\"M\u00e1ximo\" \/>\n<meta property=\"article:modified_time\" content=\"2023-07-25T17:32:34+00:00\" \/>\n<meta property=\"og:image\" content=\"https:\/\/www.maximobistrot.com.mx\/en\/wp-content\/uploads\/2022\/05\/Maximo17-683x1024.png\" \/>\n\t<meta property=\"og:image:width\" content=\"683\" \/>\n\t<meta property=\"og:image:height\" content=\"1024\" \/>\n\t<meta property=\"og:image:type\" content=\"image\/png\" \/>\n<meta name=\"twitter:card\" content=\"summary_large_image\" \/>\n<meta name=\"twitter:title\" content=\"Reservaciones - Restaurante M\u00e1ximo\" \/>\n<meta name=\"twitter:description\" content=\"Servicio en interior y en exterior de lunes a domingo. Reserva ahora.\" \/>\n<meta name=\"twitter:image\" content=\"https:\/\/www.maximobistrot.com.mx\/en\/wp-content\/uploads\/2022\/05\/Maximo17.png\" \/>\n<meta name=\"twitter:label1\" content=\"Tiempo de lectura\" \/>\n\t<meta name=\"twitter:data1\" content=\"1 minuto\" \/>\n<script type=\"application\/ld+json\" class=\"yoast-schema-graph\">{\"@context\":\"https:\\\/\\\/schema.org\",\"@graph\":[{\"@type\":\"WebPage\",\"@id\":\"https:\\\/\\\/www.maximobistrot.com.mx\\\/en\\\/reservations\\\/\",\"url\":\"https:\\\/\\\/www.maximobistrot.com.mx\\\/en\\\/reservations\\\/\",\"name\":\"Reservations - Restaurante M\u00e1ximo\",\"isPartOf\":{\"@id\":\"https:\\\/\\\/www.maximobistrot.com.mx\\\/en\\\/#website\"},\"primaryImageOfPage\":{\"@id\":\"https:\\\/\\\/www.maximobistrot.com.mx\\\/en\\\/reservations\\\/#primaryimage\"},\"image\":{\"@id\":\"https:\\\/\\\/www.maximobistrot.com.mx\\\/en\\\/reservations\\\/#primaryimage\"},\"thumbnailUrl\":\"https:\\\/\\\/www.maximobistrot.com.mx\\\/en\\\/wp-content\\\/uploads\\\/2022\\\/05\\\/Maximo17.png\",\"datePublished\":\"2022-04-26T05:08:36+00:00\",\"dateModified\":\"2023-07-25T17:32:34+00:00\",\"description\":\"Servicio en interior y en exterior de lunes a domingo. Reserva ahora.\",\"inLanguage\":\"es\",\"potentialAction\":[{\"@type\":\"ReadAction\",\"target\":[\"https:\\\/\\\/www.maximobistrot.com.mx\\\/en\\\/reservations\\\/\"]}]},{\"@type\":\"ImageObject\",\"inLanguage\":\"es\",\"@id\":\"https:\\\/\\\/www.maximobistrot.com.mx\\\/en\\\/reservations\\\/#primaryimage\",\"url\":\"https:\\\/\\\/www.maximobistrot.com.mx\\\/en\\\/wp-content\\\/uploads\\\/2022\\\/05\\\/Maximo17.png\",\"contentUrl\":\"https:\\\/\\\/www.maximobistrot.com.mx\\\/en\\\/wp-content\\\/uploads\\\/2022\\\/05\\\/Maximo17.png\",\"width\":900,\"height\":1350},{\"@type\":\"WebSite\",\"@id\":\"https:\\\/\\\/www.maximobistrot.com.mx\\\/en\\\/#website\",\"url\":\"https:\\\/\\\/www.maximobistrot.com.mx\\\/en\\\/\",\"name\":\"M\u00e1ximo\",\"description\":\"\",\"publisher\":{\"@id\":\"https:\\\/\\\/www.maximobistrot.com.mx\\\/en\\\/#organization\"},\"potentialAction\":[{\"@type\":\"SearchAction\",\"target\":{\"@type\":\"EntryPoint\",\"urlTemplate\":\"https:\\\/\\\/www.maximobistrot.com.mx\\\/en\\\/?s={search_term_string}\"},\"query-input\":{\"@type\":\"PropertyValueSpecification\",\"valueRequired\":true,\"valueName\":\"search_term_string\"}}],\"inLanguage\":\"es\"},{\"@type\":\"Organization\",\"@id\":\"https:\\\/\\\/www.maximobistrot.com.mx\\\/en\\\/#organization\",\"name\":\"M\u00e1ximo\",\"url\":\"https:\\\/\\\/www.maximobistrot.com.mx\\\/en\\\/\",\"logo\":{\"@type\":\"ImageObject\",\"inLanguage\":\"es\",\"@id\":\"https:\\\/\\\/www.maximobistrot.com.mx\\\/en\\\/#\\\/schema\\\/logo\\\/image\\\/\",\"url\":\"https:\\\/\\\/www.maximobistrot.com.mx\\\/wp-content\\\/uploads\\\/2022\\\/05\\\/Maximo_logo_horizontal-01.png\",\"contentUrl\":\"https:\\\/\\\/www.maximobistrot.com.mx\\\/wp-content\\\/uploads\\\/2022\\\/05\\\/Maximo_logo_horizontal-01.png\",\"width\":1199,\"height\":331,\"caption\":\"M\u00e1ximo\"},\"image\":{\"@id\":\"https:\\\/\\\/www.maximobistrot.com.mx\\\/en\\\/#\\\/schema\\\/logo\\\/image\\\/\"}}]}<\/script>\n<!-- \/ Yoast SEO plugin. -->","yoast_head_json":{"title":"Reservations - Restaurante M\u00e1ximo","description":"Servicio en interior y en exterior de lunes a domingo. Reserva ahora.","robots":{"index":"index","follow":"follow","max-snippet":"max-snippet:-1","max-image-preview":"max-image-preview:large","max-video-preview":"max-video-preview:-1"},"canonical":"https:\/\/www.maximobistrot.com.mx\/en\/reservations\/","og_locale":"es_MX","og_type":"article","og_title":"Reservaciones - Restaurante M\u00e1ximo","og_description":"Servicio en interior y en exterior de lunes a domingo. Reserva ahora.","og_url":"https:\/\/www.maximobistrot.com.mx\/en\/reservations\/","og_site_name":"M\u00e1ximo","article_modified_time":"2023-07-25T17:32:34+00:00","og_image":[{"width":683,"height":1024,"url":"https:\/\/www.maximobistrot.com.mx\/en\/wp-content\/uploads\/2022\/05\/Maximo17-683x1024.png","type":"image\/png"}],"twitter_card":"summary_large_image","twitter_title":"Reservaciones - Restaurante M\u00e1ximo","twitter_description":"Servicio en interior y en exterior de lunes a domingo. Reserva ahora.","twitter_image":"https:\/\/www.maximobistrot.com.mx\/en\/wp-content\/uploads\/2022\/05\/Maximo17.png","twitter_misc":{"Tiempo de lectura":"1 minuto"},"schema":{"@context":"https:\/\/schema.org","@graph":[{"@type":"WebPage","@id":"https:\/\/www.maximobistrot.com.mx\/en\/reservations\/","url":"https:\/\/www.maximobistrot.com.mx\/en\/reservations\/","name":"Reservations - Restaurante M\u00e1ximo","isPartOf":{"@id":"https:\/\/www.maximobistrot.com.mx\/en\/#website"},"primaryImageOfPage":{"@id":"https:\/\/www.maximobistrot.com.mx\/en\/reservations\/#primaryimage"},"image":{"@id":"https:\/\/www.maximobistrot.com.mx\/en\/reservations\/#primaryimage"},"thumbnailUrl":"https:\/\/www.maximobistrot.com.mx\/en\/wp-content\/uploads\/2022\/05\/Maximo17.png","datePublished":"2022-04-26T05:08:36+00:00","dateModified":"2023-07-25T17:32:34+00:00","description":"Servicio en interior y en exterior de lunes a domingo. Reserva ahora.","inLanguage":"es","potentialAction":[{"@type":"ReadAction","target":["https:\/\/www.maximobistrot.com.mx\/en\/reservations\/"]}]},{"@type":"ImageObject","inLanguage":"es","@id":"https:\/\/www.maximobistrot.com.mx\/en\/reservations\/#primaryimage","url":"https:\/\/www.maximobistrot.com.mx\/en\/wp-content\/uploads\/2022\/05\/Maximo17.png","contentUrl":"https:\/\/www.maximobistrot.com.mx\/en\/wp-content\/uploads\/2022\/05\/Maximo17.png","width":900,"height":1350},{"@type":"WebSite","@id":"https:\/\/www.maximobistrot.com.mx\/en\/#website","url":"https:\/\/www.maximobistrot.com.mx\/en\/","name":"M\u00e1ximo","description":"","publisher":{"@id":"https:\/\/www.maximobistrot.com.mx\/en\/#organization"},"potentialAction":[{"@type":"SearchAction","target":{"@type":"EntryPoint","urlTemplate":"https:\/\/www.maximobistrot.com.mx\/en\/?s={search_term_string}"},"query-input":{"@type":"PropertyValueSpecification","valueRequired":true,"valueName":"search_term_string"}}],"inLanguage":"es"},{"@type":"Organization","@id":"https:\/\/www.maximobistrot.com.mx\/en\/#organization","name":"M\u00e1ximo","url":"https:\/\/www.maximobistrot.com.mx\/en\/","logo":{"@type":"ImageObject","inLanguage":"es","@id":"https:\/\/www.maximobistrot.com.mx\/en\/#\/schema\/logo\/image\/","url":"https:\/\/www.maximobistrot.com.mx\/wp-content\/uploads\/2022\/05\/Maximo_logo_horizontal-01.png","contentUrl":"https:\/\/www.maximobistrot.com.mx\/wp-content\/uploads\/2022\/05\/Maximo_logo_horizontal-01.png","width":1199,"height":331,"caption":"M\u00e1ximo"},"image":{"@id":"https:\/\/www.maximobistrot.com.mx\/en\/#\/schema\/logo\/image\/"}}]}},"_links":{"self":[{"href":"https:\/\/www.maximobistrot.com.mx\/en\/wp-json\/wp\/v2\/pages\/281","targetHints":{"allow":["GET"]}}],"collection":[{"href":"https:\/\/www.maximobistrot.com.mx\/en\/wp-json\/wp\/v2\/pages"}],"about":[{"href":"https:\/\/www.maximobistrot.com.mx\/en\/wp-json\/wp\/v2\/types\/page"}],"author":[{"embeddable":true,"href":"https:\/\/www.maximobistrot.com.mx\/en\/wp-json\/wp\/v2\/users\/1"}],"replies":[{"embeddable":true,"href":"https:\/\/www.maximobistrot.com.mx\/en\/wp-json\/wp\/v2\/comments?post=281"}],"version-history":[{"count":144,"href":"https:\/\/www.maximobistrot.com.mx\/en\/wp-json\/wp\/v2\/pages\/281\/revisions"}],"predecessor-version":[{"id":3164,"href":"https:\/\/www.maximobistrot.com.mx\/en\/wp-json\/wp\/v2\/pages\/281\/revisions\/3164"}],"wp:featuredmedia":[{"embeddable":true,"href":"https:\/\/www.maximobistrot.com.mx\/en\/wp-json\/wp\/v2\/media\/847"}],"wp:attachment":[{"href":"https:\/\/www.maximobistrot.com.mx\/en\/wp-json\/wp\/v2\/media?parent=281"}],"curies":[{"name":"wp","href":"https:\/\/api.w.org\/{rel}","templated":true}]}}