{"id":175,"date":"2022-04-26T04:08:55","date_gmt":"2022-04-26T04:08:55","guid":{"rendered":"https:\/\/www.dn3comunicacion.com\/maximo\/?page_id=175"},"modified":"2026-04-14T12:34:48","modified_gmt":"2026-04-14T18:34:48","slug":"menu","status":"publish","type":"page","link":"https:\/\/www.maximobistrot.com.mx\/en\/menu\/","title":{"rendered":"Menu"},"content":{"rendered":"\t\t<div data-elementor-type=\"wp-page\" data-elementor-id=\"175\" class=\"elementor elementor-175\">\n\t\t\t\t\t\t<section class=\"elementor-section elementor-top-section elementor-element elementor-element-433d2db elementor-section-boxed elementor-section-height-default elementor-section-height-default\" data-id=\"433d2db\" data-element_type=\"section\" data-e-type=\"section\">\n\t\t\t\t\t\t<div class=\"elementor-container elementor-column-gap-default\">\n\t\t\t\t\t<div class=\"elementor-column elementor-col-100 elementor-top-column elementor-element elementor-element-c3fa0ba\" data-id=\"c3fa0ba\" data-element_type=\"column\" data-e-type=\"column\">\n\t\t\t<div class=\"elementor-widget-wrap elementor-element-populated\">\n\t\t\t\t\t\t<div class=\"elementor-element elementor-element-46fc704 elementor-widget elementor-widget-text-editor\" data-id=\"46fc704\" data-element_type=\"widget\" data-e-type=\"widget\" data-widget_type=\"text-editor.default\">\n\t\t\t\t<div class=\"elementor-widget-container\">\n\t\t\t\t\t\t\t\t\t<p>MENU OF THE DAY<\/p>\t\t\t\t\t\t\t\t<\/div>\n\t\t\t\t<\/div>\n\t\t\t\t<div class=\"elementor-element elementor-element-58fd935 elementor-widget elementor-widget-text-editor\" data-id=\"58fd935\" data-element_type=\"widget\" data-e-type=\"widget\" data-widget_type=\"text-editor.default\">\n\t\t\t\t<div class=\"elementor-widget-container\">\n\t\t\t\t\t\t\t\t\t<p>April 14<sup>th<\/sup>, 2026<\/p>\t\t\t\t\t\t\t\t<\/div>\n\t\t\t\t<\/div>\n\t\t\t\t<div class=\"elementor-element elementor-element-31fa78c elementor-widget__width-initial elementor-widget elementor-widget-text-editor\" data-id=\"31fa78c\" data-element_type=\"widget\" data-e-type=\"widget\" data-widget_type=\"text-editor.default\">\n\t\t\t\t<div class=\"elementor-widget-container\">\n\t\t\t\t\t\t\t\t\t<p>Pat\u00e9 de Campagne, fennel and parsley salad $250<\/p><p>Leon lentils and curry soup, parmesan crouton, olive oil and chives $290<\/p><p>Confit lee, hollandaise, parmesan and fried leek $435<\/p><p>Penshell scallops \u201caguachile\u201d pitaya and chiltep\u00edn $840<\/p><p>A la mexicana octopus \u201cceviche\u201d, tostadas and guacamole $570<\/p><p>Kampachi sashimi and tuna tartare, xo sauce, fried potato chips $650<\/p><p>Escamoles crostini and guacamole $890<\/p><p>Abalone \u201ctostada\u201d and organic beans $640<\/p><p>Organic mixed green salad, blue cheese vinaigrette, parmesan $320<\/p><p>Caesar salad with homemade headcheese $380<\/p><p>Burrata, organic tomato, fennel and balsamic $580<\/p><p>Roasted beets, apple vinaigrette and pomegranate molasses, Celaya goat cheese and white grapefruit $465<\/p><p>Sweet onion cooked in whey, Comt\u00e9 cheese, cruffin $545<\/p><p>Free range lamb \u201cquesabirria\u201d $535<\/p><p>Jam\u00f3n ib\u00e9rico 70 grams $759<\/p><p>Mexican cheeses $380<br \/><br \/><\/p><hr \/><p><br \/>Tagliatelle, Wagyu Cross beef ragout and parmesan $640<\/p><p>Ricotta cheese ravioli, brown butter, balsamic $650<br \/><br \/><\/p><hr \/><p><br \/>Dragon carrot, romesco, yogurt $530<\/p><p>Pan seared red snapper, Bouillabaisse emulsion $690<\/p><p>Roasted organic chicken, Chiapas potato au gratin, vin jaune jus $780<\/p><p>Lacquered duck breast, date and sweet potato $840<\/p><p>Wood grilled lamb rack, rosemary jus $2600<br \/>Half rack $1300<\/p><p>Ovenroasted free range cerdo pelon mexicano Rib Eye, mole verde, cauliflower $840<\/p><p>Beer braised Wagyu Cross beef tongue, beans from the pot with mole, pickled onion $720<\/p><p>Wood grilled Wagyu Cross beef Flat iron, onion and veal jus, potato pur\u00e9e $980<\/p><p>Wagyu cross beef Cheeseburger $590<\/p>\t\t\t\t\t\t\t\t<\/div>\n\t\t\t\t<\/div>\n\t\t\t\t\t<\/div>\n\t\t<\/div>\n\t\t\t\t\t<\/div>\n\t\t<\/section>\n\t\t\t\t<section class=\"elementor-section elementor-top-section elementor-element elementor-element-78a9b06 elementor-section-boxed elementor-section-height-default elementor-section-height-default\" data-id=\"78a9b06\" data-element_type=\"section\" data-e-type=\"section\">\n\t\t\t\t\t\t<div class=\"elementor-container elementor-column-gap-default\">\n\t\t\t\t\t<div class=\"elementor-column elementor-col-100 elementor-top-column elementor-element elementor-element-4e029ae\" data-id=\"4e029ae\" data-element_type=\"column\" data-e-type=\"column\">\n\t\t\t<div class=\"elementor-widget-wrap elementor-element-populated\">\n\t\t\t\t\t\t<div class=\"elementor-element elementor-element-77094d1 elementor-widget-divider--view-line elementor-widget elementor-widget-divider\" data-id=\"77094d1\" data-element_type=\"widget\" data-e-type=\"widget\" data-widget_type=\"divider.default\">\n\t\t\t\t<div class=\"elementor-widget-container\">\n\t\t\t\t\t\t\t<div class=\"elementor-divider\">\n\t\t\t<span class=\"elementor-divider-separator\">\n\t\t\t\t\t\t<\/span>\n\t\t<\/div>\n\t\t\t\t\t\t<\/div>\n\t\t\t\t<\/div>\n\t\t\t\t\t<\/div>\n\t\t<\/div>\n\t\t\t\t\t<\/div>\n\t\t<\/section>\n\t\t\t\t<section class=\"elementor-section elementor-top-section elementor-element elementor-element-5fabd9f elementor-section-boxed elementor-section-height-default elementor-section-height-default\" data-id=\"5fabd9f\" data-element_type=\"section\" data-e-type=\"section\">\n\t\t\t\t\t\t<div class=\"elementor-container elementor-column-gap-default\">\n\t\t\t\t\t<div class=\"elementor-column elementor-col-100 elementor-top-column elementor-element elementor-element-f4d5db2\" data-id=\"f4d5db2\" data-element_type=\"column\" data-e-type=\"column\">\n\t\t\t<div class=\"elementor-widget-wrap elementor-element-populated\">\n\t\t\t\t\t\t<div class=\"elementor-element elementor-element-b542017 elementor-widget elementor-widget-text-editor\" data-id=\"b542017\" data-element_type=\"widget\" data-e-type=\"widget\" data-widget_type=\"text-editor.default\">\n\t\t\t\t<div class=\"elementor-widget-container\">\n\t\t\t\t\t\t\t\t\t<p>TASTING MENU<\/p>\t\t\t\t\t\t\t\t<\/div>\n\t\t\t\t<\/div>\n\t\t\t\t\t<\/div>\n\t\t<\/div>\n\t\t\t\t\t<\/div>\n\t\t<\/section>\n\t\t\t\t<section class=\"elementor-section elementor-top-section elementor-element elementor-element-7018023 elementor-section-boxed elementor-section-height-default elementor-section-height-default\" data-id=\"7018023\" data-element_type=\"section\" data-e-type=\"section\">\n\t\t\t\t\t\t<div class=\"elementor-container elementor-column-gap-default\">\n\t\t\t\t\t<div class=\"elementor-column elementor-col-50 elementor-top-column elementor-element elementor-element-b91a9aa\" data-id=\"b91a9aa\" data-element_type=\"column\" data-e-type=\"column\">\n\t\t\t<div class=\"elementor-widget-wrap elementor-element-populated\">\n\t\t\t\t\t\t<div class=\"elementor-element elementor-element-2a96796 elementor-widget elementor-widget-text-editor\" data-id=\"2a96796\" data-element_type=\"widget\" data-e-type=\"widget\" data-widget_type=\"text-editor.default\">\n\t\t\t\t<div class=\"elementor-widget-container\">\n\t\t\t\t\t\t\t\t\t<p>Tasting menu $3200<\/p>\t\t\t\t\t\t\t\t<\/div>\n\t\t\t\t<\/div>\n\t\t\t\t\t<\/div>\n\t\t<\/div>\n\t\t\t\t<div class=\"elementor-column elementor-col-50 elementor-top-column elementor-element elementor-element-5c6b652\" data-id=\"5c6b652\" data-element_type=\"column\" data-e-type=\"column\">\n\t\t\t<div class=\"elementor-widget-wrap elementor-element-populated\">\n\t\t\t\t\t\t<div class=\"elementor-element elementor-element-7a1b0e9 elementor-widget elementor-widget-text-editor\" data-id=\"7a1b0e9\" data-element_type=\"widget\" data-e-type=\"widget\" data-widget_type=\"text-editor.default\">\n\t\t\t\t<div class=\"elementor-widget-container\">\n\t\t\t\t\t\t\t\t\t<p style=\"padding-left: 40px;\">With wine pairing $4870<\/p>\t\t\t\t\t\t\t\t<\/div>\n\t\t\t\t<\/div>\n\t\t\t\t\t<\/div>\n\t\t<\/div>\n\t\t\t\t\t<\/div>\n\t\t<\/section>\n\t\t\t\t<section class=\"elementor-section elementor-top-section elementor-element elementor-element-b8b7df6 elementor-section-boxed elementor-section-height-default elementor-section-height-default\" data-id=\"b8b7df6\" data-element_type=\"section\" data-e-type=\"section\">\n\t\t\t\t\t\t<div class=\"elementor-container elementor-column-gap-default\">\n\t\t\t\t\t<div class=\"elementor-column elementor-col-100 elementor-top-column elementor-element elementor-element-8b446a8\" data-id=\"8b446a8\" data-element_type=\"column\" data-e-type=\"column\">\n\t\t\t<div class=\"elementor-widget-wrap elementor-element-populated\">\n\t\t\t\t\t\t<div class=\"elementor-element elementor-element-2d2e145 elementor-widget elementor-widget-text-editor\" data-id=\"2d2e145\" data-element_type=\"widget\" data-e-type=\"widget\" data-widget_type=\"text-editor.default\">\n\t\t\t\t<div class=\"elementor-widget-container\">\n\t\t\t\t\t\t\t\t\t<p class=\"PlaygroundEditorTheme__paragraph\"><i><em class=\"PlaygroundEditorTheme__textItalic\">Available from 1:00 to 3:45 p.m. and 6:00 to 9:45 p.m. <\/em><\/i><\/p>\t\t\t\t\t\t\t\t<\/div>\n\t\t\t\t<\/div>\n\t\t\t\t<div class=\"elementor-element elementor-element-b8c5bd2 elementor-widget elementor-widget-text-editor\" data-id=\"b8c5bd2\" data-element_type=\"widget\" data-e-type=\"widget\" data-widget_type=\"text-editor.default\">\n\t\t\t\t<div class=\"elementor-widget-container\">\n\t\t\t\t\t\t\t\t\t<p class=\"PlaygroundEditorTheme__paragraph\">Beet and borage tarlet<br \/>Escamoles and beans \u201ctostada\u201d<br \/>Penshell scallops \u201caguachile\u201d<br \/>Ricotta cheese and lemon ravioli<br \/>Seared red snapper, tomato and caper<br \/>Wood grilled Wagyu Cross beef Rib Eye<br \/>Cucumber and granny smith apple sorbet<br \/>Chocolate souffl\u00e9 tart, olive oil ice cream<\/p>\t\t\t\t\t\t\t\t<\/div>\n\t\t\t\t<\/div>\n\t\t\t\t<div class=\"elementor-element elementor-element-554a5f7 elementor-widget elementor-widget-text-editor\" data-id=\"554a5f7\" data-element_type=\"widget\" data-e-type=\"widget\" data-widget_type=\"text-editor.default\">\n\t\t\t\t<div class=\"elementor-widget-container\">\n\t\t\t\t\t\t\t\t\t<p><strong>Manager: Oscar Luna<\/strong><br \/><strong>Pastry Chef: Lupita S\u00e1nchez<\/strong><br \/><strong>Sous Chef: Alejandro Gil <\/strong><\/p><p><em>Our menu is subject to change with the availability of our seasonal produce<\/em><\/p>\t\t\t\t\t\t\t\t<\/div>\n\t\t\t\t<\/div>\n\t\t\t\t<div class=\"elementor-element elementor-element-65cb83c elementor-hidden-desktop elementor-hidden-tablet elementor-hidden-mobile elementor-widget elementor-widget-text-editor\" data-id=\"65cb83c\" data-element_type=\"widget\" data-e-type=\"widget\" data-widget_type=\"text-editor.default\">\n\t\t\t\t<div class=\"elementor-widget-container\">\n\t\t\t\t\t\t\t\t\t<p><strong>\u201cAlba white truffle&#8221; menu<\/strong><br \/><strong>5 courses $4500 <\/strong><br \/><strong>with wine pairing $6350 <\/strong><\/p>\t\t\t\t\t\t\t\t<\/div>\n\t\t\t\t<\/div>\n\t\t\t\t\t<\/div>\n\t\t<\/div>\n\t\t\t\t\t<\/div>\n\t\t<\/section>\n\t\t\t\t<section class=\"elementor-section elementor-top-section elementor-element elementor-element-1c2898f elementor-section-boxed elementor-section-height-default elementor-section-height-default\" data-id=\"1c2898f\" data-element_type=\"section\" data-e-type=\"section\">\n\t\t\t\t\t\t<div class=\"elementor-container elementor-column-gap-default\">\n\t\t\t\t\t<div class=\"elementor-column elementor-col-100 elementor-top-column elementor-element elementor-element-0a4580e\" data-id=\"0a4580e\" data-element_type=\"column\" data-e-type=\"column\">\n\t\t\t<div class=\"elementor-widget-wrap elementor-element-populated\">\n\t\t\t\t\t\t<div class=\"elementor-element elementor-element-c4e499a elementor-widget-divider--view-line elementor-widget elementor-widget-divider\" data-id=\"c4e499a\" data-element_type=\"widget\" data-e-type=\"widget\" data-widget_type=\"divider.default\">\n\t\t\t\t<div class=\"elementor-widget-container\">\n\t\t\t\t\t\t\t<div class=\"elementor-divider\">\n\t\t\t<span class=\"elementor-divider-separator\">\n\t\t\t\t\t\t<\/span>\n\t\t<\/div>\n\t\t\t\t\t\t<\/div>\n\t\t\t\t<\/div>\n\t\t\t\t\t<\/div>\n\t\t<\/div>\n\t\t\t\t\t<\/div>\n\t\t<\/section>\n\t\t\t\t<section class=\"elementor-section elementor-top-section elementor-element elementor-element-a072ceb elementor-section-boxed elementor-section-height-default elementor-section-height-default\" data-id=\"a072ceb\" data-element_type=\"section\" data-e-type=\"section\">\n\t\t\t\t\t\t<div class=\"elementor-container elementor-column-gap-default\">\n\t\t\t\t\t<div class=\"elementor-column elementor-col-100 elementor-top-column elementor-element elementor-element-678ea58\" data-id=\"678ea58\" data-element_type=\"column\" data-e-type=\"column\">\n\t\t\t<div class=\"elementor-widget-wrap elementor-element-populated\">\n\t\t\t\t\t\t<div class=\"elementor-element elementor-element-1561a9a elementor-widget elementor-widget-text-editor\" data-id=\"1561a9a\" data-element_type=\"widget\" data-e-type=\"widget\" data-widget_type=\"text-editor.default\">\n\t\t\t\t<div class=\"elementor-widget-container\">\n\t\t\t\t\t\t\t\t\t<p>DESSERTS<\/p>\t\t\t\t\t\t\t\t<\/div>\n\t\t\t\t<\/div>\n\t\t\t\t<div class=\"elementor-element elementor-element-75607a6 elementor-widget elementor-widget-text-editor\" data-id=\"75607a6\" data-element_type=\"widget\" data-e-type=\"widget\" data-widget_type=\"text-editor.default\">\n\t\t\t\t<div class=\"elementor-widget-container\">\n\t\t\t\t\t\t\t\t\t<p>Chocolate, date and caramel tart, caramelized miso ice cream $429<\/p><p>Madeleines, homemade Nutella<br \/>3 pieces $180<br \/>6 pieces $360<\/p><p>French toast, blueberry compote, ice cream $480<\/p><p>Double cr\u00e8me cheesecake $350<\/p><p>Tarte tatin, seasonal ice cream $341<\/p><p>Chaurand goat cheese ice cream, phyllo, guava, olive oil $374<\/p><p>Vanilla pompona flan $450<\/p>\t\t\t\t\t\t\t\t<\/div>\n\t\t\t\t<\/div>\n\t\t\t\t\t<\/div>\n\t\t<\/div>\n\t\t\t\t\t<\/div>\n\t\t<\/section>\n\t\t\t\t<section class=\"elementor-section elementor-top-section elementor-element elementor-element-22072f6 elementor-section-boxed elementor-section-height-default elementor-section-height-default\" data-id=\"22072f6\" data-element_type=\"section\" data-e-type=\"section\">\n\t\t\t\t\t\t<div class=\"elementor-container elementor-column-gap-default\">\n\t\t\t\t\t<div class=\"elementor-column elementor-col-100 elementor-top-column elementor-element elementor-element-653ebf7\" data-id=\"653ebf7\" data-element_type=\"column\" data-e-type=\"column\">\n\t\t\t<div class=\"elementor-widget-wrap elementor-element-populated\">\n\t\t\t\t\t\t<div class=\"elementor-element elementor-element-0e5bda9 elementor-widget-divider--view-line elementor-widget elementor-widget-divider\" data-id=\"0e5bda9\" data-element_type=\"widget\" data-e-type=\"widget\" data-widget_type=\"divider.default\">\n\t\t\t\t<div class=\"elementor-widget-container\">\n\t\t\t\t\t\t\t<div class=\"elementor-divider\">\n\t\t\t<span class=\"elementor-divider-separator\">\n\t\t\t\t\t\t<\/span>\n\t\t<\/div>\n\t\t\t\t\t\t<\/div>\n\t\t\t\t<\/div>\n\t\t\t\t\t<\/div>\n\t\t<\/div>\n\t\t\t\t\t<\/div>\n\t\t<\/section>\n\t\t\t\t<section class=\"elementor-section elementor-top-section elementor-element elementor-element-2a019a1 elementor-section-boxed elementor-section-height-default elementor-section-height-default\" data-id=\"2a019a1\" data-element_type=\"section\" data-e-type=\"section\">\n\t\t\t\t\t\t<div class=\"elementor-container elementor-column-gap-default\">\n\t\t\t\t\t<div class=\"elementor-column elementor-col-100 elementor-top-column elementor-element elementor-element-c2fddd2\" data-id=\"c2fddd2\" data-element_type=\"column\" data-e-type=\"column\">\n\t\t\t<div class=\"elementor-widget-wrap elementor-element-populated\">\n\t\t\t\t\t\t<div class=\"elementor-element elementor-element-ea8e540 elementor-drop-cap-yes elementor-drop-cap-view-default elementor-widget elementor-widget-text-editor\" data-id=\"ea8e540\" data-element_type=\"widget\" data-e-type=\"widget\" data-settings=\"{&quot;drop_cap&quot;:&quot;yes&quot;}\" data-widget_type=\"text-editor.default\">\n\t\t\t\t<div class=\"elementor-widget-container\">\n\t\t\t\t\t\t\t\t\t<p><span style=\"color: #000000;\"><a style=\"color: #000000;\" href=\"https:\/\/www.maximobistrot.com.mx\/wp-content\/uploads\/2026\/03\/bebidas12marzo.pdf\" target=\"_blank\" rel=\"noopener\">DRINKS<\/a><\/span><\/p><p><a href=\"https:\/\/www.maximobistrot.com.mx\/wp-content\/uploads\/2026\/04\/Menu-Web-14-Abril.pdf\" target=\"_blank\" rel=\"noopener\"><span style=\"color: #000000;\">FULL MENU<\/span><\/a><\/p>\t\t\t\t\t\t\t\t<\/div>\n\t\t\t\t<\/div>\n\t\t\t\t\t<\/div>\n\t\t<\/div>\n\t\t\t\t\t<\/div>\n\t\t<\/section>\n\t\t\t\t<\/div>\n\t\t","protected":false},"excerpt":{"rendered":"<p>MENU OF THE DAY April 14th, 2026 Pat\u00e9 de Campagne, fennel and parsley salad $250 Leon lentils and curry soup, parmesan crouton, olive oil and chives $290 Confit lee, hollandaise, parmesan and fried leek $435 Penshell scallops \u201caguachile\u201d pitaya and chiltep\u00edn $840 A la mexicana octopus \u201cceviche\u201d, tostadas and guacamole $570 Kampachi sashimi and tuna [&hellip;]<\/p>\n","protected":false},"author":1,"featured_media":786,"parent":0,"menu_order":0,"comment_status":"closed","ping_status":"closed","template":"elementor_header_footer","meta":{"footnotes":""},"class_list":["post-175","page","type-page","status-publish","has-post-thumbnail","hentry"],"yoast_head":"<!-- This site is optimized with the Yoast SEO plugin v27.4 - https:\/\/yoast.com\/product\/yoast-seo-wordpress\/ -->\n<title>Menu - Restaurante M\u00e1ximo<\/title>\n<meta name=\"description\" content=\"Men\u00fa del d\u00eda en el Restaurante M\u00e1ximo y men\u00fa degustaci\u00f3n en el Restaurante M\u00e1ximo.\" \/>\n<meta name=\"robots\" content=\"index, follow, max-snippet:-1, max-image-preview:large, max-video-preview:-1\" \/>\n<link rel=\"canonical\" href=\"https:\/\/www.maximobistrot.com.mx\/en\/menu\/\" \/>\n<meta property=\"og:locale\" content=\"es_MX\" \/>\n<meta property=\"og:type\" content=\"article\" \/>\n<meta property=\"og:title\" content=\"Men\u00fa del d\u00eda - Restaurante M\u00e1ximo\" \/>\n<meta property=\"og:description\" content=\"Men\u00fa del d\u00eda en el Restaurante M\u00e1ximo y men\u00fa degustaci\u00f3n en el Restaurante M\u00e1ximo.\" \/>\n<meta property=\"og:url\" content=\"https:\/\/www.maximobistrot.com.mx\/en\/menu\/\" \/>\n<meta property=\"og:site_name\" content=\"M\u00e1ximo\" \/>\n<meta property=\"article:modified_time\" content=\"2026-04-14T18:34:48+00:00\" \/>\n<meta property=\"og:image\" content=\"https:\/\/www.maximobistrot.com.mx\/en\/wp-content\/uploads\/2022\/05\/Maximo11.jpg\" \/>\n\t<meta property=\"og:image:width\" content=\"900\" \/>\n\t<meta property=\"og:image:height\" content=\"1350\" \/>\n\t<meta property=\"og:image:type\" content=\"image\/jpeg\" \/>\n<meta name=\"twitter:card\" content=\"summary_large_image\" \/>\n<meta name=\"twitter:title\" content=\"Men\u00fa del d\u00eda - Restaurante M\u00e1ximo\" \/>\n<meta name=\"twitter:description\" content=\"Men\u00fa del d\u00eda en el Restaurante M\u00e1ximo y men\u00fa degustaci\u00f3n en el Restaurante M\u00e1ximo.\" \/>\n<meta name=\"twitter:image\" content=\"https:\/\/www.maximobistrot.com.mx\/en\/wp-content\/uploads\/2022\/05\/Maximo11.jpg\" \/>\n<meta name=\"twitter:label1\" content=\"Tiempo de lectura\" \/>\n\t<meta name=\"twitter:data1\" content=\"2 minutos\" \/>\n<script type=\"application\/ld+json\" class=\"yoast-schema-graph\">{\"@context\":\"https:\\\/\\\/schema.org\",\"@graph\":[{\"@type\":\"WebPage\",\"@id\":\"https:\\\/\\\/www.maximobistrot.com.mx\\\/en\\\/menu\\\/\",\"url\":\"https:\\\/\\\/www.maximobistrot.com.mx\\\/en\\\/menu\\\/\",\"name\":\"Menu - Restaurante M\u00e1ximo\",\"isPartOf\":{\"@id\":\"https:\\\/\\\/www.maximobistrot.com.mx\\\/en\\\/#website\"},\"primaryImageOfPage\":{\"@id\":\"https:\\\/\\\/www.maximobistrot.com.mx\\\/en\\\/menu\\\/#primaryimage\"},\"image\":{\"@id\":\"https:\\\/\\\/www.maximobistrot.com.mx\\\/en\\\/menu\\\/#primaryimage\"},\"thumbnailUrl\":\"https:\\\/\\\/www.maximobistrot.com.mx\\\/en\\\/wp-content\\\/uploads\\\/2022\\\/05\\\/Maximo11.jpg\",\"datePublished\":\"2022-04-26T04:08:55+00:00\",\"dateModified\":\"2026-04-14T18:34:48+00:00\",\"description\":\"Men\u00fa del d\u00eda en el Restaurante M\u00e1ximo y men\u00fa degustaci\u00f3n en el Restaurante M\u00e1ximo.\",\"inLanguage\":\"es\",\"potentialAction\":[{\"@type\":\"ReadAction\",\"target\":[\"https:\\\/\\\/www.maximobistrot.com.mx\\\/en\\\/menu\\\/\"]}]},{\"@type\":\"ImageObject\",\"inLanguage\":\"es\",\"@id\":\"https:\\\/\\\/www.maximobistrot.com.mx\\\/en\\\/menu\\\/#primaryimage\",\"url\":\"https:\\\/\\\/www.maximobistrot.com.mx\\\/en\\\/wp-content\\\/uploads\\\/2022\\\/05\\\/Maximo11.jpg\",\"contentUrl\":\"https:\\\/\\\/www.maximobistrot.com.mx\\\/en\\\/wp-content\\\/uploads\\\/2022\\\/05\\\/Maximo11.jpg\",\"width\":900,\"height\":1350},{\"@type\":\"WebSite\",\"@id\":\"https:\\\/\\\/www.maximobistrot.com.mx\\\/en\\\/#website\",\"url\":\"https:\\\/\\\/www.maximobistrot.com.mx\\\/en\\\/\",\"name\":\"M\u00e1ximo\",\"description\":\"\",\"publisher\":{\"@id\":\"https:\\\/\\\/www.maximobistrot.com.mx\\\/en\\\/#organization\"},\"potentialAction\":[{\"@type\":\"SearchAction\",\"target\":{\"@type\":\"EntryPoint\",\"urlTemplate\":\"https:\\\/\\\/www.maximobistrot.com.mx\\\/en\\\/?s={search_term_string}\"},\"query-input\":{\"@type\":\"PropertyValueSpecification\",\"valueRequired\":true,\"valueName\":\"search_term_string\"}}],\"inLanguage\":\"es\"},{\"@type\":\"Organization\",\"@id\":\"https:\\\/\\\/www.maximobistrot.com.mx\\\/en\\\/#organization\",\"name\":\"M\u00e1ximo\",\"url\":\"https:\\\/\\\/www.maximobistrot.com.mx\\\/en\\\/\",\"logo\":{\"@type\":\"ImageObject\",\"inLanguage\":\"es\",\"@id\":\"https:\\\/\\\/www.maximobistrot.com.mx\\\/en\\\/#\\\/schema\\\/logo\\\/image\\\/\",\"url\":\"https:\\\/\\\/www.maximobistrot.com.mx\\\/wp-content\\\/uploads\\\/2022\\\/05\\\/Maximo_logo_horizontal-01.png\",\"contentUrl\":\"https:\\\/\\\/www.maximobistrot.com.mx\\\/wp-content\\\/uploads\\\/2022\\\/05\\\/Maximo_logo_horizontal-01.png\",\"width\":1199,\"height\":331,\"caption\":\"M\u00e1ximo\"},\"image\":{\"@id\":\"https:\\\/\\\/www.maximobistrot.com.mx\\\/en\\\/#\\\/schema\\\/logo\\\/image\\\/\"}}]}<\/script>\n<!-- \/ Yoast SEO plugin. -->","yoast_head_json":{"title":"Menu - Restaurante M\u00e1ximo","description":"Men\u00fa del d\u00eda en el Restaurante M\u00e1ximo y men\u00fa degustaci\u00f3n en el Restaurante M\u00e1ximo.","robots":{"index":"index","follow":"follow","max-snippet":"max-snippet:-1","max-image-preview":"max-image-preview:large","max-video-preview":"max-video-preview:-1"},"canonical":"https:\/\/www.maximobistrot.com.mx\/en\/menu\/","og_locale":"es_MX","og_type":"article","og_title":"Men\u00fa del d\u00eda - Restaurante M\u00e1ximo","og_description":"Men\u00fa del d\u00eda en el Restaurante M\u00e1ximo y men\u00fa degustaci\u00f3n en el Restaurante M\u00e1ximo.","og_url":"https:\/\/www.maximobistrot.com.mx\/en\/menu\/","og_site_name":"M\u00e1ximo","article_modified_time":"2026-04-14T18:34:48+00:00","og_image":[{"width":900,"height":1350,"url":"https:\/\/www.maximobistrot.com.mx\/en\/wp-content\/uploads\/2022\/05\/Maximo11.jpg","type":"image\/jpeg"}],"twitter_card":"summary_large_image","twitter_title":"Men\u00fa del d\u00eda - Restaurante M\u00e1ximo","twitter_description":"Men\u00fa del d\u00eda en el Restaurante M\u00e1ximo y men\u00fa degustaci\u00f3n en el Restaurante M\u00e1ximo.","twitter_image":"https:\/\/www.maximobistrot.com.mx\/en\/wp-content\/uploads\/2022\/05\/Maximo11.jpg","twitter_misc":{"Tiempo de lectura":"2 minutos"},"schema":{"@context":"https:\/\/schema.org","@graph":[{"@type":"WebPage","@id":"https:\/\/www.maximobistrot.com.mx\/en\/menu\/","url":"https:\/\/www.maximobistrot.com.mx\/en\/menu\/","name":"Menu - Restaurante M\u00e1ximo","isPartOf":{"@id":"https:\/\/www.maximobistrot.com.mx\/en\/#website"},"primaryImageOfPage":{"@id":"https:\/\/www.maximobistrot.com.mx\/en\/menu\/#primaryimage"},"image":{"@id":"https:\/\/www.maximobistrot.com.mx\/en\/menu\/#primaryimage"},"thumbnailUrl":"https:\/\/www.maximobistrot.com.mx\/en\/wp-content\/uploads\/2022\/05\/Maximo11.jpg","datePublished":"2022-04-26T04:08:55+00:00","dateModified":"2026-04-14T18:34:48+00:00","description":"Men\u00fa del d\u00eda en el Restaurante M\u00e1ximo y men\u00fa degustaci\u00f3n en el Restaurante M\u00e1ximo.","inLanguage":"es","potentialAction":[{"@type":"ReadAction","target":["https:\/\/www.maximobistrot.com.mx\/en\/menu\/"]}]},{"@type":"ImageObject","inLanguage":"es","@id":"https:\/\/www.maximobistrot.com.mx\/en\/menu\/#primaryimage","url":"https:\/\/www.maximobistrot.com.mx\/en\/wp-content\/uploads\/2022\/05\/Maximo11.jpg","contentUrl":"https:\/\/www.maximobistrot.com.mx\/en\/wp-content\/uploads\/2022\/05\/Maximo11.jpg","width":900,"height":1350},{"@type":"WebSite","@id":"https:\/\/www.maximobistrot.com.mx\/en\/#website","url":"https:\/\/www.maximobistrot.com.mx\/en\/","name":"M\u00e1ximo","description":"","publisher":{"@id":"https:\/\/www.maximobistrot.com.mx\/en\/#organization"},"potentialAction":[{"@type":"SearchAction","target":{"@type":"EntryPoint","urlTemplate":"https:\/\/www.maximobistrot.com.mx\/en\/?s={search_term_string}"},"query-input":{"@type":"PropertyValueSpecification","valueRequired":true,"valueName":"search_term_string"}}],"inLanguage":"es"},{"@type":"Organization","@id":"https:\/\/www.maximobistrot.com.mx\/en\/#organization","name":"M\u00e1ximo","url":"https:\/\/www.maximobistrot.com.mx\/en\/","logo":{"@type":"ImageObject","inLanguage":"es","@id":"https:\/\/www.maximobistrot.com.mx\/en\/#\/schema\/logo\/image\/","url":"https:\/\/www.maximobistrot.com.mx\/wp-content\/uploads\/2022\/05\/Maximo_logo_horizontal-01.png","contentUrl":"https:\/\/www.maximobistrot.com.mx\/wp-content\/uploads\/2022\/05\/Maximo_logo_horizontal-01.png","width":1199,"height":331,"caption":"M\u00e1ximo"},"image":{"@id":"https:\/\/www.maximobistrot.com.mx\/en\/#\/schema\/logo\/image\/"}}]}},"_links":{"self":[{"href":"https:\/\/www.maximobistrot.com.mx\/en\/wp-json\/wp\/v2\/pages\/175","targetHints":{"allow":["GET"]}}],"collection":[{"href":"https:\/\/www.maximobistrot.com.mx\/en\/wp-json\/wp\/v2\/pages"}],"about":[{"href":"https:\/\/www.maximobistrot.com.mx\/en\/wp-json\/wp\/v2\/types\/page"}],"author":[{"embeddable":true,"href":"https:\/\/www.maximobistrot.com.mx\/en\/wp-json\/wp\/v2\/users\/1"}],"replies":[{"embeddable":true,"href":"https:\/\/www.maximobistrot.com.mx\/en\/wp-json\/wp\/v2\/comments?post=175"}],"version-history":[{"count":4586,"href":"https:\/\/www.maximobistrot.com.mx\/en\/wp-json\/wp\/v2\/pages\/175\/revisions"}],"predecessor-version":[{"id":6796,"href":"https:\/\/www.maximobistrot.com.mx\/en\/wp-json\/wp\/v2\/pages\/175\/revisions\/6796"}],"wp:featuredmedia":[{"embeddable":true,"href":"https:\/\/www.maximobistrot.com.mx\/en\/wp-json\/wp\/v2\/media\/786"}],"wp:attachment":[{"href":"https:\/\/www.maximobistrot.com.mx\/en\/wp-json\/wp\/v2\/media?parent=175"}],"curies":[{"name":"wp","href":"https:\/\/api.w.org\/{rel}","templated":true}]}}